{"id":1796,"date":"2022-11-17T16:29:19","date_gmt":"2022-11-17T15:29:19","guid":{"rendered":"https:\/\/camping-sunocean.fr\/city-side\/talmont-saint-hilaire\/"},"modified":"2022-11-17T16:29:19","modified_gmt":"2022-11-17T15:29:19","slug":"talmont-saint-hilaire","status":"publish","type":"page","link":"https:\/\/camping-sunocean.fr\/en\/city-side\/talmont-saint-hilaire\/","title":{"rendered":"Talmont Saint Hilaire"},"content":{"rendered":"\n<h1 class=\"wp-block-heading\">Talmont Saint Hilaire<\/h1>\n\n\n\n<p>Between Jard sur Mer and Les Sables d&#8217;Olonne lies the commune of Talmont Saint Hilaire, one of the historic communes of the Vend\u00e9e. During your stay at the Sun Oc\u00e9an campsite, take the time to appreciate this Vend\u00e9e town and its many corners, for a day or more.<\/p>\n\n\n\n<div style=\"height:14px\" aria-hidden=\"true\" class=\"wp-block-spacer\"><\/div>\n\n\n\n<div class=\"wp-block-columns is-layout-flex wp-container-core-columns-is-layout-28f84493 wp-block-columns-is-layout-flex\">\n<div class=\"wp-block-column is-layout-constrained wp-block-column-is-layout-constrained\">\n<h2 class=\"wp-block-heading\">The Castle of Talmont<\/h2>\n\n\n\n<p>Start by stopping at the <strong>Ch\u00e2teau de Talmont<\/strong>, the city&#8217;s landmark. More than 1,000 years of history are recounted. Initially a church, this castle was extended over time by William the Bald and his successors. It was by the sea when it was built, which explains the presence of pebbles in the walls. On these walls are drawn the features of the history of this castle, between bad weather and fires.<\/p>\n\n\n\n<div style=\"height:37px\" aria-hidden=\"true\" class=\"wp-block-spacer\"><\/div>\n\n\n\n<figure class=\"wp-block-gallery has-nested-images columns-default is-cropped wp-block-gallery-1 is-layout-flex wp-block-gallery-is-layout-flex\">\n<figure class=\"wp-block-image size-large\"><img loading=\"lazy\" decoding=\"async\" width=\"1024\" height=\"683\" data-id=\"855\" src=\"https:\/\/camping-sunocean.fr\/wp-content\/uploads\/2022\/11\/chateau-de-talmont-IMG_1978-1-1024x683.jpg\" alt=\"\" class=\"wp-image-855\" srcset=\"https:\/\/camping-sunocean.fr\/wp-content\/uploads\/2022\/11\/chateau-de-talmont-IMG_1978-1-1024x683.jpg 1024w, https:\/\/camping-sunocean.fr\/wp-content\/uploads\/2022\/11\/chateau-de-talmont-IMG_1978-1-300x200.jpg 300w, https:\/\/camping-sunocean.fr\/wp-content\/uploads\/2022\/11\/chateau-de-talmont-IMG_1978-1-768x512.jpg 768w, https:\/\/camping-sunocean.fr\/wp-content\/uploads\/2022\/11\/chateau-de-talmont-IMG_1978-1.jpg 1200w\" sizes=\"auto, (max-width: 1024px) 100vw, 1024px\" \/><\/figure>\n<\/figure>\n<\/div>\n\n\n\n<div class=\"wp-block-column is-layout-constrained wp-block-column-is-layout-constrained\">\n<h2 class=\"wp-block-heading\">La Guitti\u00e8re<\/h2>\n\n\n\n<p>Then continue your walk towards <strong>the Guitti\u00e8re<\/strong>, a district known in Talmont Saint Hilaire for its salt marshes and its <strong>oysters<\/strong>. Walk through these salt-scented marshes, built in the shape of combs to exploit the salt from the sea in the best way, in an ancestral way. And taste the best oysters, labeled <strong>&#8221;&nbsp;Vend\u00e9e atlantique&nbsp;&#8220;<\/strong>.<\/p>\n\n\n\n<p>At the end of the <strong>Guitti\u00e8re<\/strong>, towards the sea, you will find <strong>the Veillon<\/strong> and its magnificent beach of fine sand. Located in <strong>the Payr\u00e9 estuary <\/strong>, classified as a Great Natural Complex, this place is natural and exceptional. It is time to stop and rest. Contemplate this splendid landscape with harmonious colors&nbsp;: white sand, turquoise water, sun on the horizon.  <\/p>\n\n\n\n<p>Since 2014, the water of this beach has been categorized as Blue Flag Label, which rewards the quality of the bathing water.<\/p>\n\n\n\n<h2 class=\"wp-block-heading\">Le Port Bourgenay<\/h2>\n\n\n\n<p>To finish, go to the Bourgenay port. This harbour has been welcoming boaters since 1985. It can now accommodate up to 650 boats, both pleasure and professional. Between beach and forest, it has been designed to blend perfectly with the exceptional natural landscape that surrounds it.<\/p>\n<\/div>\n<\/div>\n\n\n\n<div style=\"height:25px\" aria-hidden=\"true\" class=\"wp-block-spacer\"><\/div>\n\n\n\t\t\t<div id=\"sevgallery-3454342179\" class=\"sev-diaporama sev-diaporama-portfolio\">\r\n\t\t\t<div class=\"row\">\r\n\r\n\t\t\t\r\n\t\t\t\t\r\n\t\t\t\t<div class=\"sev-diaporama-portfolio-item col-12 col-sm  col-shrink\">\r\n\t\t\t\t\t<a href=\"https:\/\/camping-sunocean.fr\/wp-content\/uploads\/2022\/11\/marais-salant-st-hilaire-de-riez-IMG_5935.jpg\" data-lightbox=\"sevgallery-3454342179\" style=\"background-image: url(https:\/\/camping-sunocean.fr\/wp-content\/uploads\/2022\/11\/marais-salant-st-hilaire-de-riez-IMG_5935.jpg)\">\r\n\t\t\t\t\t\t<img decoding=\"async\" src=\"https:\/\/camping-sunocean.fr\/wp-content\/uploads\/2022\/11\/marais-salant-st-hilaire-de-riez-IMG_5935.jpg\" alt=\"\" loading=\"lazy\">\r\n\t\t\t\t\t<\/a>\r\n\t\t\t\t<\/div>\r\n\r\n\t\t\t\t\r\n\t\t\t\t\t\t\t\t\t\t\t\r\n\t\t\t\t\r\n\t\t\t\t<div class=\"sev-diaporama-portfolio-item col-12 col-sm  col-shrink\">\r\n\t\t\t\t\t<a href=\"https:\/\/camping-sunocean.fr\/wp-content\/uploads\/2022\/11\/chateau-de-talmont-IMG_1800.jpg\" data-lightbox=\"sevgallery-3454342179\" style=\"background-image: url(https:\/\/camping-sunocean.fr\/wp-content\/uploads\/2022\/11\/chateau-de-talmont-IMG_1800.jpg)\">\r\n\t\t\t\t\t\t<img decoding=\"async\" src=\"https:\/\/camping-sunocean.fr\/wp-content\/uploads\/2022\/11\/chateau-de-talmont-IMG_1800.jpg\" alt=\"\" loading=\"lazy\">\r\n\t\t\t\t\t<\/a>\r\n\t\t\t\t<\/div>\r\n\r\n\t\t\t\t\r\n\t\t\t\t\t\t\t\t\t\t\t\r\n\t\t\t\t\r\n\t\t\t\t<div class=\"sev-diaporama-portfolio-item col-12 col-sm  col-grow\">\r\n\t\t\t\t\t<a href=\"https:\/\/camping-sunocean.fr\/wp-content\/uploads\/2024\/01\/chateau-de-talmont-IMG_2182-1-Personnalise-1.jpg\" data-lightbox=\"sevgallery-3454342179\" style=\"background-image: url(https:\/\/camping-sunocean.fr\/wp-content\/uploads\/2024\/01\/chateau-de-talmont-IMG_2182-1-Personnalise-1.jpg)\">\r\n\t\t\t\t\t\t<img decoding=\"async\" src=\"https:\/\/camping-sunocean.fr\/wp-content\/uploads\/2024\/01\/chateau-de-talmont-IMG_2182-1-Personnalise-1.jpg\" alt=\"\" loading=\"lazy\">\r\n\t\t\t\t\t<\/a>\r\n\t\t\t\t<\/div>\r\n\r\n\t\t\t\t\r\n\t\t\t\t\t\t\t\t\t\t\t\r\n\t\t\t\t\r\n\t\t\t\t<div class=\"sev-diaporama-portfolio-item col-12 col-sm  col-shrink\">\r\n\t\t\t\t\t<a href=\"https:\/\/camping-sunocean.fr\/wp-content\/uploads\/2024\/01\/photo-aerienne-talmont-JPG_1460536-1-Personnalise-1.jpg\" data-lightbox=\"sevgallery-3454342179\" style=\"background-image: url(https:\/\/camping-sunocean.fr\/wp-content\/uploads\/2024\/01\/photo-aerienne-talmont-JPG_1460536-1-Personnalise-1.jpg)\">\r\n\t\t\t\t\t\t<img decoding=\"async\" src=\"https:\/\/camping-sunocean.fr\/wp-content\/uploads\/2024\/01\/photo-aerienne-talmont-JPG_1460536-1-Personnalise-1.jpg\" alt=\"\" loading=\"lazy\">\r\n\t\t\t\t\t<\/a>\r\n\t\t\t\t<\/div>\r\n\r\n\t\t\t\t\t\t\t\t\t<div class=\"w-100\"><\/div>\r\n\t\t\t\t\t\t\t\t\t\r\n\t\t\t\t\t\t\t\t\t\t\t\r\n\t\t\t\t\r\n\t\t\t\t<div class=\"sev-diaporama-portfolio-item col-12 col-sm  col-grow\">\r\n\t\t\t\t\t<a href=\"https:\/\/camping-sunocean.fr\/wp-content\/uploads\/2024\/01\/IMG_2654-Personnalise-1.jpg\" data-lightbox=\"sevgallery-3454342179\" style=\"background-image: url(https:\/\/camping-sunocean.fr\/wp-content\/uploads\/2024\/01\/IMG_2654-Personnalise-1.jpg)\">\r\n\t\t\t\t\t\t<img decoding=\"async\" src=\"https:\/\/camping-sunocean.fr\/wp-content\/uploads\/2024\/01\/IMG_2654-Personnalise-1.jpg\" alt=\"\" loading=\"lazy\">\r\n\t\t\t\t\t<\/a>\r\n\t\t\t\t<\/div>\r\n\r\n\t\t\t\t\r\n\t\t\t\t\t\t\t\t\t\t\t\t\t\t<\/div>\r\n\t\t\t<\/div>\r\n\r\n\t\t\t<script>\r\n\t\t\tjQuery(function($) {\r\n\r\n\t\t\t\tvar marginPortfolio = function() {\r\n\r\n\t\t\t\t\tvar $diapo          = $('#sevgallery-3454342179');\r\n\t\t\t\t\tvar container_width = $diapo.parent().outerWidth();\r\n\t\t\t\t\tvar side            = ( $(window).innerWidth() - container_width ) \/ 2;\r\n\r\n\t\t\t\t\t$diapo.css( {\r\n\t\t\t\t\t\t'margin-left': '-' + side + 'px',\r\n\t\t\t\t\t\t'margin-right': '-' + side + 'px',\r\n\t\t\t\t\t} );\r\n\t\t\t\t};\r\n\r\n\t\t\t\t$( window ).resize( function() {\r\n\t\t\t\t\tmarginPortfolio();\r\n\t\t\t\t} );\r\n\t\t\t\tmarginPortfolio();\r\n\t\t\t});\r\n\t\t\t<\/script>\r\n\t\t\t\n","protected":false},"excerpt":{"rendered":"<p>Talmont Saint Hilaire Between Jard sur Mer and Les Sables d&#8217;Olonne lies the commune of Talmont Saint Hilaire, one of the historic communes of the Vend\u00e9e. During your stay at the Sun Oc\u00e9an campsite, take the time to appreciate this Vend\u00e9e town and its many corners, for a day or more. The Castle of Talmont [&hellip;]<\/p>\n","protected":false},"author":1,"featured_media":0,"parent":1781,"menu_order":1,"comment_status":"closed","ping_status":"closed","template":"","meta":{"_seopress_robots_primary_cat":"","_seopress_titles_title":"Sun Oc\u00e9an in Talmont Saint Hilaire in the heart of the Vend\u00e9e","_seopress_titles_desc":"Discover the beautiful city of Talmont Saint Hilaire and its many corners. Stay at the Sun Oc\u00e9an campsite in the Vend\u00e9e.","_seopress_robots_index":"","footnotes":""},"class_list":["post-1796","page","type-page","status-publish","hentry"],"_links":{"self":[{"href":"https:\/\/camping-sunocean.fr\/en\/wp-json\/wp\/v2\/pages\/1796","targetHints":{"allow":["GET"]}}],"collection":[{"href":"https:\/\/camping-sunocean.fr\/en\/wp-json\/wp\/v2\/pages"}],"about":[{"href":"https:\/\/camping-sunocean.fr\/en\/wp-json\/wp\/v2\/types\/page"}],"author":[{"embeddable":true,"href":"https:\/\/camping-sunocean.fr\/en\/wp-json\/wp\/v2\/users\/1"}],"replies":[{"embeddable":true,"href":"https:\/\/camping-sunocean.fr\/en\/wp-json\/wp\/v2\/comments?post=1796"}],"version-history":[{"count":0,"href":"https:\/\/camping-sunocean.fr\/en\/wp-json\/wp\/v2\/pages\/1796\/revisions"}],"up":[{"embeddable":true,"href":"https:\/\/camping-sunocean.fr\/en\/wp-json\/wp\/v2\/pages\/1781"}],"wp:attachment":[{"href":"https:\/\/camping-sunocean.fr\/en\/wp-json\/wp\/v2\/media?parent=1796"}],"curies":[{"name":"wp","href":"https:\/\/api.w.org\/{rel}","templated":true}]}}