{"id":1797,"date":"2022-11-17T15:57:11","date_gmt":"2022-11-17T14:57:11","guid":{"rendered":"https:\/\/camping-sunocean.fr\/family-experiences\/100-family-experience-day-2\/"},"modified":"2022-11-17T15:57:11","modified_gmt":"2022-11-17T14:57:11","slug":"100-family-experience-day-2","status":"publish","type":"page","link":"https:\/\/camping-sunocean.fr\/en\/the-experiments\/family-experiences\/100-family-experience-day-2\/","title":{"rendered":"100% Family Experience: Day 2"},"content":{"rendered":"\n<h1 class=\"wp-block-heading\">100% family experience: Day 2 &#8211; Discovering the island of R\u00e9<\/h1>\n\n\n\n<div style=\"height:14px\" aria-hidden=\"true\" class=\"wp-block-spacer\"><\/div>\n\n\n\n<p>Discover this island and its 10 villages. We propose you the inescapable of this magnificent and exotic place, to make in one day.<\/p>\n\n\n\n<div style=\"height:14px\" aria-hidden=\"true\" class=\"wp-block-spacer\"><\/div>\n\n\n\n<div class=\"wp-block-media-text alignwide is-stacked-on-mobile is-image-fill\"><figure class=\"wp-block-media-text__media\" style=\"background-image:url(https:\/\/camping-sunocean.fr\/wp-content\/uploads\/2022\/11\/echouage-port-de-la-flotte-IMG_8076-1024x683.jpg);background-position:50% 50%\"><img loading=\"lazy\" decoding=\"async\" width=\"1024\" height=\"683\" src=\"https:\/\/camping-sunocean.fr\/wp-content\/uploads\/2022\/11\/echouage-port-de-la-flotte-IMG_8076-1024x683.jpg\" alt=\"port of the fleet l'ile de r\u00e9\" class=\"wp-image-255 size-full\" srcset=\"https:\/\/camping-sunocean.fr\/wp-content\/uploads\/2022\/11\/echouage-port-de-la-flotte-IMG_8076-1024x683.jpg 1024w, https:\/\/camping-sunocean.fr\/wp-content\/uploads\/2022\/11\/echouage-port-de-la-flotte-IMG_8076-300x200.jpg 300w, https:\/\/camping-sunocean.fr\/wp-content\/uploads\/2022\/11\/echouage-port-de-la-flotte-IMG_8076-768x512.jpg 768w, https:\/\/camping-sunocean.fr\/wp-content\/uploads\/2022\/11\/echouage-port-de-la-flotte-IMG_8076.jpg 1200w\" sizes=\"auto, (max-width: 1024px) 100vw, 1024px\" \/><\/figure><div class=\"wp-block-media-text__content\">\n<h2 class=\"wp-block-heading\">The National Nature Reserve of Lilleau des Niges hides many surprises.<\/h2>\n\n\n\n<p>  In the heart of nature and <strong>salt marshes<\/strong>, immerse yourself in the calm of this place and observe. Open your eyes wide. You will see a great diversity of<strong>birds<\/strong>, plants and the foreshore (which is revealed once the tide goes out). Let yourself be guided by a local professional and visit the <strong>house of the Fier<\/strong>, a real museum, which will teach you more about the biodiversity that surrounds you.<\/p>\n\n\n\n<p>Take the opportunity to make a detour to the salt marshes. Formerly 1000, they are now a hundred <strong>salt workers<\/strong> to harvest salt with ancestral methods. This activity takes place from June to September. Visit the adjoining eco-museum and discover the steps of these methods, and the details of this know-how.<\/p>\n<\/div><\/div>\n\n\n\n<div style=\"height:14px\" aria-hidden=\"true\" class=\"wp-block-spacer\"><\/div>\n\n\n\n<div class=\"wp-block-media-text alignwide has-media-on-the-right is-stacked-on-mobile is-image-fill\"><div class=\"wp-block-media-text__content\">\n<p><\/p>\n\n\n\n<h2 class=\"wp-block-heading\">Saint-Martin-de-R\u00e9<\/h2>\n\n\n\n<p>Then climb to the top of the observatory bell tower of <strong>Saint-Martin-de-R\u00e9<\/strong>. Once you have climbed the 117 steps you will be able to see the magnificent panorama that is in store for you by day or by night. Admire the breathtaking view of the island.<\/p>\n\n\n\n<p>Then go to the <strong>whale lighthouse<\/strong> and the <strong>lighthouse museum<\/strong>. This lighthouse is one of the highest in France (57 meters), you can also climb it to admire the view. The associated museum will tell you the history of lighthouses, their evolution and the methods used for their construction.<\/p>\n\n\n\n<p>It&#8217;s impossible to go to the island of R\u00e9 without visiting the<strong> Fort de la Pr\u00e9e<\/strong>. Built in 1625, this Fort is original and has stood the test of time and history. It can be visited from April to September. Take advantage of a self-guided tour or a guided tour to discover all the secrets.<\/p>\n<\/div><figure class=\"wp-block-media-text__media\" style=\"background-image:url(https:\/\/camping-sunocean.fr\/wp-content\/uploads\/2022\/11\/ile-de-re-village-des-portes-IMG_5074-1024x683.jpg);background-position:50% 50%\"><img decoding=\"async\" src=\"https:\/\/camping-sunocean.fr\/wp-content\/uploads\/2022\/11\/ile-de-re-village-des-portes-IMG_5074-1024x683.jpg\" alt=\"city center l'ile de r\u00e9\" class=\"wp-image-256 size-full\"><\/figure><\/div>\n\n\n\n<div style=\"height:19px\" aria-hidden=\"true\" class=\"wp-block-spacer\"><\/div>\n\n\n\n<p class=\"has-text-align-center h1-like\">The campsite in some pictures :<\/p>\n\n\n\t\t\t<div id=\"sevgallery-1371442406\" class=\"sev-diaporama sev-diaporama-portfolio\">\r\n\t\t\t<div class=\"row\">\r\n\r\n\t\t\t\r\n\t\t\t\t\r\n\t\t\t\t<div class=\"sev-diaporama-portfolio-item col-12 col-sm \">\r\n\t\t\t\t\t<a href=\"https:\/\/camping-sunocean.fr\/wp-content\/uploads\/2024\/10\/Sun-Ocean_12072023_026_0.jpg\" data-lightbox=\"sevgallery-1371442406\" style=\"background-image: url(https:\/\/camping-sunocean.fr\/wp-content\/uploads\/2024\/10\/Sun-Ocean_12072023_026_0.jpg)\">\r\n\t\t\t\t\t\t<img decoding=\"async\" src=\"https:\/\/camping-sunocean.fr\/wp-content\/uploads\/2024\/10\/Sun-Ocean_12072023_026_0.jpg\" alt=\"accueil camping maeva sun ocean\" loading=\"lazy\">\r\n\t\t\t\t\t<\/a>\r\n\t\t\t\t<\/div>\r\n\r\n\t\t\t\t\r\n\t\t\t\t\t\t\t\t\t\t\t\r\n\t\t\t\t\r\n\t\t\t\t<div class=\"sev-diaporama-portfolio-item col-12 col-sm \">\r\n\t\t\t\t\t<a href=\"https:\/\/camping-sunocean.fr\/wp-content\/uploads\/2024\/10\/Sun-Ocean_12072023_024_0.jpg\" data-lightbox=\"sevgallery-1371442406\" style=\"background-image: url(https:\/\/camping-sunocean.fr\/wp-content\/uploads\/2024\/10\/Sun-Ocean_12072023_024_0.jpg)\">\r\n\t\t\t\t\t\t<img decoding=\"async\" src=\"https:\/\/camping-sunocean.fr\/wp-content\/uploads\/2024\/10\/Sun-Ocean_12072023_024_0.jpg\" alt=\"\" loading=\"lazy\">\r\n\t\t\t\t\t<\/a>\r\n\t\t\t\t<\/div>\r\n\r\n\t\t\t\t\r\n\t\t\t\t\t\t\t\t\t\t\t\r\n\t\t\t\t\r\n\t\t\t\t<div class=\"sev-diaporama-portfolio-item col-12 col-sm \">\r\n\t\t\t\t\t<a href=\"https:\/\/camping-sunocean.fr\/wp-content\/uploads\/2022\/11\/IMG_8158-1.jpg\" data-lightbox=\"sevgallery-1371442406\" style=\"background-image: url(https:\/\/camping-sunocean.fr\/wp-content\/uploads\/2022\/11\/IMG_8158-1.jpg)\">\r\n\t\t\t\t\t\t<img decoding=\"async\" src=\"https:\/\/camping-sunocean.fr\/wp-content\/uploads\/2022\/11\/IMG_8158-1.jpg\" alt=\"\" loading=\"lazy\">\r\n\t\t\t\t\t<\/a>\r\n\t\t\t\t<\/div>\r\n\r\n\t\t\t\t\r\n\t\t\t\t\t\t\t\t\t\t\t\r\n\t\t\t\t\r\n\t\t\t\t<div class=\"sev-diaporama-portfolio-item col-12 col-sm \">\r\n\t\t\t\t\t<a href=\"https:\/\/camping-sunocean.fr\/wp-content\/uploads\/2022\/11\/IMG_7974-1.jpg\" data-lightbox=\"sevgallery-1371442406\" style=\"background-image: url(https:\/\/camping-sunocean.fr\/wp-content\/uploads\/2022\/11\/IMG_7974-1.jpg)\">\r\n\t\t\t\t\t\t<img decoding=\"async\" src=\"https:\/\/camping-sunocean.fr\/wp-content\/uploads\/2022\/11\/IMG_7974-1.jpg\" alt=\"\" loading=\"lazy\">\r\n\t\t\t\t\t<\/a>\r\n\t\t\t\t<\/div>\r\n\r\n\t\t\t\t\t\t\t\t\t<div class=\"w-100\"><\/div>\r\n\t\t\t\t\t\t\t\t\t\r\n\t\t\t\t\t\t\t\t\t\t\t\r\n\t\t\t\t\r\n\t\t\t\t<div class=\"sev-diaporama-portfolio-item col-12 col-sm  col-grow\">\r\n\t\t\t\t\t<a href=\"https:\/\/camping-sunocean.fr\/wp-content\/uploads\/2024\/10\/Sun-Ocean_12072023_091_0.jpg\" data-lightbox=\"sevgallery-1371442406\" style=\"background-image: url(https:\/\/camping-sunocean.fr\/wp-content\/uploads\/2024\/10\/Sun-Ocean_12072023_091_0.jpg)\">\r\n\t\t\t\t\t\t<img decoding=\"async\" src=\"https:\/\/camping-sunocean.fr\/wp-content\/uploads\/2024\/10\/Sun-Ocean_12072023_091_0.jpg\" alt=\"\" loading=\"lazy\">\r\n\t\t\t\t\t<\/a>\r\n\t\t\t\t<\/div>\r\n\r\n\t\t\t\t\r\n\t\t\t\t\t\t\t\t\t\t\t\r\n\t\t\t\t\r\n\t\t\t\t<div class=\"sev-diaporama-portfolio-item col-12 col-sm \">\r\n\t\t\t\t\t<a href=\"https:\/\/camping-sunocean.fr\/wp-content\/uploads\/2024\/10\/Sun-Ocean_12072023_095_0.jpg\" data-lightbox=\"sevgallery-1371442406\" style=\"background-image: url(https:\/\/camping-sunocean.fr\/wp-content\/uploads\/2024\/10\/Sun-Ocean_12072023_095_0.jpg)\">\r\n\t\t\t\t\t\t<img decoding=\"async\" src=\"https:\/\/camping-sunocean.fr\/wp-content\/uploads\/2024\/10\/Sun-Ocean_12072023_095_0.jpg\" alt=\"\" loading=\"lazy\">\r\n\t\t\t\t\t<\/a>\r\n\t\t\t\t<\/div>\r\n\r\n\t\t\t\t\r\n\t\t\t\t\t\t\t\t\t\t\t\r\n\t\t\t\t\r\n\t\t\t\t<div class=\"sev-diaporama-portfolio-item col-12 col-sm \">\r\n\t\t\t\t\t<a href=\"https:\/\/camping-sunocean.fr\/wp-content\/uploads\/2023\/08\/Sun-Ocean_12072023_038_0.jpg\" data-lightbox=\"sevgallery-1371442406\" style=\"background-image: url(https:\/\/camping-sunocean.fr\/wp-content\/uploads\/2023\/08\/Sun-Ocean_12072023_038_0.jpg)\">\r\n\t\t\t\t\t\t<img decoding=\"async\" src=\"https:\/\/camping-sunocean.fr\/wp-content\/uploads\/2023\/08\/Sun-Ocean_12072023_038_0.jpg\" alt=\"\" loading=\"lazy\">\r\n\t\t\t\t\t<\/a>\r\n\t\t\t\t<\/div>\r\n\r\n\t\t\t\t\r\n\t\t\t\t\t\t\t\t\t\t\t\r\n\t\t\t\t\r\n\t\t\t\t<div class=\"sev-diaporama-portfolio-item col-12 col-sm  col-grow\">\r\n\t\t\t\t\t<a href=\"https:\/\/camping-sunocean.fr\/wp-content\/uploads\/2022\/11\/campings-en-vendee-1.jpg\" data-lightbox=\"sevgallery-1371442406\" style=\"background-image: url(https:\/\/camping-sunocean.fr\/wp-content\/uploads\/2022\/11\/campings-en-vendee-1.jpg)\">\r\n\t\t\t\t\t\t<img decoding=\"async\" src=\"https:\/\/camping-sunocean.fr\/wp-content\/uploads\/2022\/11\/campings-en-vendee-1.jpg\" alt=\"\" loading=\"lazy\">\r\n\t\t\t\t\t<\/a>\r\n\t\t\t\t<\/div>\r\n\r\n\t\t\t\t\t\t\t\t\t<div class=\"w-100\"><\/div>\r\n\t\t\t\t\t\t\t\t\t\r\n\t\t\t\t\t\t\t\t\t\t\t\r\n\t\t\t\t\r\n\t\t\t\t<div class=\"sev-diaporama-portfolio-item col-12 col-sm  col-shrink d-none\">\r\n\t\t\t\t\t<a href=\"https:\/\/camping-sunocean.fr\/wp-content\/uploads\/2024\/10\/Sun-Ocean_12072023_084_0.jpg\" data-lightbox=\"sevgallery-1371442406\" style=\"background-image: url(https:\/\/camping-sunocean.fr\/wp-content\/uploads\/2024\/10\/Sun-Ocean_12072023_084_0.jpg)\">\r\n\t\t\t\t\t\t<img decoding=\"async\" src=\"https:\/\/camping-sunocean.fr\/wp-content\/uploads\/2024\/10\/Sun-Ocean_12072023_084_0.jpg\" alt=\"\" loading=\"lazy\">\r\n\t\t\t\t\t<\/a>\r\n\t\t\t\t<\/div>\r\n\r\n\t\t\t\t\r\n\t\t\t\t\t\t\t\t\t\t\t\r\n\t\t\t\t\r\n\t\t\t\t<div class=\"sev-diaporama-portfolio-item col-12 col-sm  col-shrink d-none\">\r\n\t\t\t\t\t<a href=\"https:\/\/camping-sunocean.fr\/wp-content\/uploads\/2024\/10\/Sun-Ocean_12072023_080_0.jpg\" data-lightbox=\"sevgallery-1371442406\" style=\"background-image: url(https:\/\/camping-sunocean.fr\/wp-content\/uploads\/2024\/10\/Sun-Ocean_12072023_080_0.jpg)\">\r\n\t\t\t\t\t\t<img decoding=\"async\" src=\"https:\/\/camping-sunocean.fr\/wp-content\/uploads\/2024\/10\/Sun-Ocean_12072023_080_0.jpg\" alt=\"\" loading=\"lazy\">\r\n\t\t\t\t\t<\/a>\r\n\t\t\t\t<\/div>\r\n\r\n\t\t\t\t\r\n\t\t\t\t\t\t\t\t\t\t\t\r\n\t\t\t\t\r\n\t\t\t\t<div class=\"sev-diaporama-portfolio-item col-12 col-sm  d-none\">\r\n\t\t\t\t\t<a href=\"https:\/\/camping-sunocean.fr\/wp-content\/uploads\/2023\/08\/Sun-Ocean_12072023_MH1_013_0.jpg\" data-lightbox=\"sevgallery-1371442406\" style=\"background-image: url(https:\/\/camping-sunocean.fr\/wp-content\/uploads\/2023\/08\/Sun-Ocean_12072023_MH1_013_0.jpg)\">\r\n\t\t\t\t\t\t<img decoding=\"async\" src=\"https:\/\/camping-sunocean.fr\/wp-content\/uploads\/2023\/08\/Sun-Ocean_12072023_MH1_013_0.jpg\" alt=\"\" loading=\"lazy\">\r\n\t\t\t\t\t<\/a>\r\n\t\t\t\t<\/div>\r\n\r\n\t\t\t\t\r\n\t\t\t\t\t\t\t\t\t\t\t\r\n\t\t\t\t\r\n\t\t\t\t<div class=\"sev-diaporama-portfolio-item col-12 col-sm  d-none\">\r\n\t\t\t\t\t<a href=\"https:\/\/camping-sunocean.fr\/wp-content\/uploads\/2022\/11\/emplacements-camping.jpg\" data-lightbox=\"sevgallery-1371442406\" style=\"background-image: url(https:\/\/camping-sunocean.fr\/wp-content\/uploads\/2022\/11\/emplacements-camping.jpg)\">\r\n\t\t\t\t\t\t<img decoding=\"async\" src=\"https:\/\/camping-sunocean.fr\/wp-content\/uploads\/2022\/11\/emplacements-camping.jpg\" alt=\"\" loading=\"lazy\">\r\n\t\t\t\t\t<\/a>\r\n\t\t\t\t<\/div>\r\n\r\n\t\t\t\t\t\t\t\t\t<div class=\"w-100 d-none\"><\/div>\r\n\t\t\t\t\t\t\t\t\t\r\n\t\t\t\t\t\t\t\t\t\t\t\r\n\t\t\t\t\r\n\t\t\t\t<div class=\"sev-diaporama-portfolio-item col-12 col-sm  col-shrink d-none\">\r\n\t\t\t\t\t<a href=\"https:\/\/camping-sunocean.fr\/wp-content\/uploads\/2022\/11\/IMG_0410.jpg\" data-lightbox=\"sevgallery-1371442406\" style=\"background-image: url(https:\/\/camping-sunocean.fr\/wp-content\/uploads\/2022\/11\/IMG_0410.jpg)\">\r\n\t\t\t\t\t\t<img decoding=\"async\" src=\"https:\/\/camping-sunocean.fr\/wp-content\/uploads\/2022\/11\/IMG_0410.jpg\" alt=\"\" loading=\"lazy\">\r\n\t\t\t\t\t<\/a>\r\n\t\t\t\t<\/div>\r\n\r\n\t\t\t\t\r\n\t\t\t\t\t\t\t\t\t\t\t\t\t\t<\/div>\r\n\t\t\t<\/div>\r\n\r\n\t\t\t<script>\r\n\t\t\tjQuery(function($) {\r\n\r\n\t\t\t\tvar marginPortfolio = function() {\r\n\r\n\t\t\t\t\tvar $diapo          = $('#sevgallery-1371442406');\r\n\t\t\t\t\tvar container_width = $diapo.parent().outerWidth();\r\n\t\t\t\t\tvar side            = ( $(window).innerWidth() - container_width ) \/ 2;\r\n\r\n\t\t\t\t\t$diapo.css( {\r\n\t\t\t\t\t\t'margin-left': '-' + side + 'px',\r\n\t\t\t\t\t\t'margin-right': '-' + side + 'px',\r\n\t\t\t\t\t} );\r\n\t\t\t\t};\r\n\r\n\t\t\t\t$( window ).resize( function() {\r\n\t\t\t\t\tmarginPortfolio();\r\n\t\t\t\t} );\r\n\t\t\t\tmarginPortfolio();\r\n\t\t\t});\r\n\t\t\t<\/script>\r\n\t\t\t\n","protected":false},"excerpt":{"rendered":"<p>100% family experience: Day 2 &#8211; Discovering the island of R\u00e9 Discover this island and its 10 villages. We propose you the inescapable of this magnificent and exotic place, to make in one day. The National Nature Reserve of Lilleau des Niges hides many surprises. In the heart of nature and salt marshes, immerse yourself [&hellip;]<\/p>\n","protected":false},"author":1,"featured_media":0,"parent":1787,"menu_order":2,"comment_status":"closed","ping_status":"closed","template":"","meta":{"_seopress_robots_primary_cat":"","_seopress_titles_title":"Family experience: day 2 on the Ile de R\u00e9","_seopress_titles_desc":"Discover the island of R\u00e9 and follow our guide during your stay at the Sun Oc\u00e9an campsite in Talmont Saint Hilaire.","_seopress_robots_index":"","footnotes":""},"class_list":["post-1797","page","type-page","status-publish","hentry"],"_links":{"self":[{"href":"https:\/\/camping-sunocean.fr\/en\/wp-json\/wp\/v2\/pages\/1797","targetHints":{"allow":["GET"]}}],"collection":[{"href":"https:\/\/camping-sunocean.fr\/en\/wp-json\/wp\/v2\/pages"}],"about":[{"href":"https:\/\/camping-sunocean.fr\/en\/wp-json\/wp\/v2\/types\/page"}],"author":[{"embeddable":true,"href":"https:\/\/camping-sunocean.fr\/en\/wp-json\/wp\/v2\/users\/1"}],"replies":[{"embeddable":true,"href":"https:\/\/camping-sunocean.fr\/en\/wp-json\/wp\/v2\/comments?post=1797"}],"version-history":[{"count":0,"href":"https:\/\/camping-sunocean.fr\/en\/wp-json\/wp\/v2\/pages\/1797\/revisions"}],"up":[{"embeddable":true,"href":"https:\/\/camping-sunocean.fr\/en\/wp-json\/wp\/v2\/pages\/1787"}],"wp:attachment":[{"href":"https:\/\/camping-sunocean.fr\/en\/wp-json\/wp\/v2\/media?parent=1797"}],"curies":[{"name":"wp","href":"https:\/\/api.w.org\/{rel}","templated":true}]}}