{"id":1799,"date":"2022-11-18T09:12:44","date_gmt":"2022-11-18T08:12:44","guid":{"rendered":"https:\/\/camping-sunocean.fr\/the-islands\/"},"modified":"2022-11-18T09:12:44","modified_gmt":"2022-11-18T08:12:44","slug":"the-islands","status":"publish","type":"page","link":"https:\/\/camping-sunocean.fr\/en\/sea-side\/the-islands\/","title":{"rendered":"The islands"},"content":{"rendered":"\n<h1 class=\"wp-block-heading\">The Islands<\/h1>\n\n\n\n<p>Close to your campsite are some beautiful islands. Visit them for a day. Ile d&#8217;Yeu, Noirmoutier or Ile de R\u00e9, all are waiting for you for an authentic escapade.<\/p>\n\n\n\n<div style=\"height:14px\" aria-hidden=\"true\" class=\"wp-block-spacer\"><\/div>\n\n\n\n<div class=\"wp-block-columns is-layout-flex wp-container-core-columns-is-layout-28f84493 wp-block-columns-is-layout-flex\">\n<div class=\"wp-block-column is-layout-flow wp-block-column-is-layout-flow\">\n<h2 class=\"wp-block-heading\">The island of Yeu<\/h2>\n\n\n\n<p>From<strong> Fromentine<\/strong> or<strong> Saint Gilles Croix de<\/strong> vie, cross the sea on a cargo ship to <strong>the island of Yeu <\/strong>.  <\/p>\n\n\n\n<p>Rich in history, this territory is also known for its landscapes&nbsp;: the coasts, the beaches and the imposing nature. Visit the castle of the island and trace the history of these 23km\u00b2 of land through the dolmens, menhirs and stones located in its four corners. Pass also by the lighthouse and the small ports, very pleasant in summer by the freshness of the wind.<\/p>\n\n\n\n<h2 class=\"wp-block-heading\">Noirmoutier<\/h2>\n\n\n\n<p>To visit Noirmoutier you can go through the <strong>Passage du Gois<\/strong>, but be careful with the tides because once the sea rises, it covers this passage of paved stones. Don&#8217;t panic, another bridge is available 24 hours a day.<\/p>\n\n\n\n<p>Once you arrive, discover the 7 kilometers of fine sandy beach, soaking your feet has never been so pleasant. You can also find salt marshes, a wood (the Bois de La Chaise), the port of Morin and the mills of La Gu\u00e9rini\u00e8re.  <\/p>\n\n\n\n<p>In the city center you can access restaurants and bars at any time of the day. Picnic areas are also located throughout the island.<\/p>\n<\/div>\n\n\n\n<div class=\"wp-block-column is-layout-flow wp-block-column-is-layout-flow\">\n<div style=\"height:15px\" aria-hidden=\"true\" class=\"wp-block-spacer\"><\/div>\n\n\n\n<figure class=\"wp-block-image aligncenter size-large is-resized\"><img loading=\"lazy\" decoding=\"async\" src=\"https:\/\/camping-sunocean.fr\/wp-content\/uploads\/2022\/11\/ile-de-re-IMG_5134-1024x683.jpg\" alt=\"l'ile de r\u00e9\" class=\"wp-image-819\" width=\"1024\" height=\"683\" srcset=\"https:\/\/camping-sunocean.fr\/wp-content\/uploads\/2022\/11\/ile-de-re-IMG_5134-1024x683.jpg 1024w, https:\/\/camping-sunocean.fr\/wp-content\/uploads\/2022\/11\/ile-de-re-IMG_5134-300x200.jpg 300w, https:\/\/camping-sunocean.fr\/wp-content\/uploads\/2022\/11\/ile-de-re-IMG_5134-768x512.jpg 768w, https:\/\/camping-sunocean.fr\/wp-content\/uploads\/2022\/11\/ile-de-re-IMG_5134.jpg 1200w\" sizes=\"auto, (max-width: 1024px) 100vw, 1024px\" \/><\/figure>\n\n\n\n<div style=\"height:26px\" aria-hidden=\"true\" class=\"wp-block-spacer\"><\/div>\n\n\n\n<h2 class=\"wp-block-heading\">The island of R\u00e9<\/h2>\n\n\n\n<p>Otherwise,<strong> the island of R\u00e9<\/strong> is not very far from your campsite. Discover its nature reserve filled with birds and where nature is Queen. Climb to the top of the bell tower of <strong>Saint-Martin-en-R\u00e9<\/strong> and admire the breathtaking view of the whole island. Visit the lighthouse of the whales and its museum, the abbey of Ch\u00e2teliers or the fortifications of Saint-Martin-en-R\u00e9. Finally, smell the salty odors of the salt marshes where the salt workers work every day to harvest a quality salt.<\/p>\n<\/div>\n<\/div>\n\n\n\t\t\t<div id=\"sevgallery-4123190121\" class=\"sev-diaporama sev-diaporama-portfolio\">\r\n\t\t\t<div class=\"row\">\r\n\r\n\t\t\t\r\n\t\t\t\t\r\n\t\t\t\t<div class=\"sev-diaporama-portfolio-item col-12 col-sm  col-shrink\">\r\n\t\t\t\t\t<a href=\"https:\/\/camping-sunocean.fr\/wp-content\/uploads\/2022\/11\/pont-de-lile-de-re-IMG_7974-1.jpg\" data-lightbox=\"sevgallery-4123190121\" style=\"background-image: url(https:\/\/camping-sunocean.fr\/wp-content\/uploads\/2022\/11\/pont-de-lile-de-re-IMG_7974-1.jpg)\">\r\n\t\t\t\t\t\t<img decoding=\"async\" src=\"https:\/\/camping-sunocean.fr\/wp-content\/uploads\/2022\/11\/pont-de-lile-de-re-IMG_7974-1.jpg\" alt=\"\" loading=\"lazy\">\r\n\t\t\t\t\t<\/a>\r\n\t\t\t\t<\/div>\r\n\r\n\t\t\t\t\r\n\t\t\t\t\t\t\t\t\t\t\t\r\n\t\t\t\t\r\n\t\t\t\t<div class=\"sev-diaporama-portfolio-item col-12 col-sm \">\r\n\t\t\t\t\t<a href=\"https:\/\/camping-sunocean.fr\/wp-content\/uploads\/2022\/11\/ile-de-re-IMG_5134.jpg\" data-lightbox=\"sevgallery-4123190121\" style=\"background-image: url(https:\/\/camping-sunocean.fr\/wp-content\/uploads\/2022\/11\/ile-de-re-IMG_5134.jpg)\">\r\n\t\t\t\t\t\t<img decoding=\"async\" src=\"https:\/\/camping-sunocean.fr\/wp-content\/uploads\/2022\/11\/ile-de-re-IMG_5134.jpg\" alt=\"\" loading=\"lazy\">\r\n\t\t\t\t\t<\/a>\r\n\t\t\t\t<\/div>\r\n\r\n\t\t\t\t\r\n\t\t\t\t\t\t\t\t\t\t\t\r\n\t\t\t\t\r\n\t\t\t\t<div class=\"sev-diaporama-portfolio-item col-12 col-sm \">\r\n\t\t\t\t\t<a href=\"https:\/\/camping-sunocean.fr\/wp-content\/uploads\/2022\/11\/abbaye-des-chatealiers-ruines-IMG_9269.jpg\" data-lightbox=\"sevgallery-4123190121\" style=\"background-image: url(https:\/\/camping-sunocean.fr\/wp-content\/uploads\/2022\/11\/abbaye-des-chatealiers-ruines-IMG_9269.jpg)\">\r\n\t\t\t\t\t\t<img decoding=\"async\" src=\"https:\/\/camping-sunocean.fr\/wp-content\/uploads\/2022\/11\/abbaye-des-chatealiers-ruines-IMG_9269.jpg\" alt=\"\" loading=\"lazy\">\r\n\t\t\t\t\t<\/a>\r\n\t\t\t\t<\/div>\r\n\r\n\t\t\t\t\r\n\t\t\t\t\t\t\t\t\t\t\t\r\n\t\t\t\t\r\n\t\t\t\t<div class=\"sev-diaporama-portfolio-item col-12 col-sm  col-shrink\">\r\n\t\t\t\t\t<a href=\"https:\/\/camping-sunocean.fr\/wp-content\/uploads\/2022\/11\/rochers-plage-du-lizay-IMG_5149-1.jpg\" data-lightbox=\"sevgallery-4123190121\" style=\"background-image: url(https:\/\/camping-sunocean.fr\/wp-content\/uploads\/2022\/11\/rochers-plage-du-lizay-IMG_5149-1.jpg)\">\r\n\t\t\t\t\t\t<img decoding=\"async\" src=\"https:\/\/camping-sunocean.fr\/wp-content\/uploads\/2022\/11\/rochers-plage-du-lizay-IMG_5149-1.jpg\" alt=\"\" loading=\"lazy\">\r\n\t\t\t\t\t<\/a>\r\n\t\t\t\t<\/div>\r\n\r\n\t\t\t\t\t\t\t\t\t<div class=\"w-100\"><\/div>\r\n\t\t\t\t\t\t\t\t\t\r\n\t\t\t\t\t\t\t\t\t\t\t\r\n\t\t\t\t\r\n\t\t\t\t<div class=\"sev-diaporama-portfolio-item col-12 col-sm \">\r\n\t\t\t\t\t<a href=\"https:\/\/camping-sunocean.fr\/wp-content\/uploads\/2022\/11\/phare-des-baleines-IMG_9372-1.jpg\" data-lightbox=\"sevgallery-4123190121\" style=\"background-image: url(https:\/\/camping-sunocean.fr\/wp-content\/uploads\/2022\/11\/phare-des-baleines-IMG_9372-1.jpg)\">\r\n\t\t\t\t\t\t<img decoding=\"async\" src=\"https:\/\/camping-sunocean.fr\/wp-content\/uploads\/2022\/11\/phare-des-baleines-IMG_9372-1.jpg\" alt=\"\" loading=\"lazy\">\r\n\t\t\t\t\t<\/a>\r\n\t\t\t\t<\/div>\r\n\r\n\t\t\t\t\r\n\t\t\t\t\t\t\t\t\t\t\t\t\t\t<\/div>\r\n\t\t\t<\/div>\r\n\r\n\t\t\t<script>\r\n\t\t\tjQuery(function($) {\r\n\r\n\t\t\t\tvar marginPortfolio = function() {\r\n\r\n\t\t\t\t\tvar $diapo          = $('#sevgallery-4123190121');\r\n\t\t\t\t\tvar container_width = $diapo.parent().outerWidth();\r\n\t\t\t\t\tvar side            = ( $(window).innerWidth() - container_width ) \/ 2;\r\n\r\n\t\t\t\t\t$diapo.css( {\r\n\t\t\t\t\t\t'margin-left': '-' + side + 'px',\r\n\t\t\t\t\t\t'margin-right': '-' + side + 'px',\r\n\t\t\t\t\t} );\r\n\t\t\t\t};\r\n\r\n\t\t\t\t$( window ).resize( function() {\r\n\t\t\t\t\tmarginPortfolio();\r\n\t\t\t\t} );\r\n\t\t\t\tmarginPortfolio();\r\n\t\t\t});\r\n\t\t\t<\/script>\r\n\t\t\t\n","protected":false},"excerpt":{"rendered":"<p>The Islands Close to your campsite are some beautiful islands. Visit them for a day. Ile d&#8217;Yeu, Noirmoutier or Ile de R\u00e9, all are waiting for you for an authentic escapade. The island of Yeu From Fromentine or Saint Gilles Croix de vie, cross the sea on a cargo ship to the island of Yeu [&hellip;]<\/p>\n","protected":false},"author":1,"featured_media":0,"parent":1800,"menu_order":1,"comment_status":"closed","ping_status":"closed","template":"","meta":{"_seopress_robots_primary_cat":"","_seopress_titles_title":"The island of Yeu and the island of R\u00e9 to visit  ","_seopress_titles_desc":"Stay at the Sun Oc\u00e9an campsite and visit the surrounding islands: the island of Yeu and the island of R\u00e9 are waiting for you with their beautiful landscapes.","_seopress_robots_index":"","footnotes":""},"class_list":["post-1799","page","type-page","status-publish","hentry"],"_links":{"self":[{"href":"https:\/\/camping-sunocean.fr\/en\/wp-json\/wp\/v2\/pages\/1799","targetHints":{"allow":["GET"]}}],"collection":[{"href":"https:\/\/camping-sunocean.fr\/en\/wp-json\/wp\/v2\/pages"}],"about":[{"href":"https:\/\/camping-sunocean.fr\/en\/wp-json\/wp\/v2\/types\/page"}],"author":[{"embeddable":true,"href":"https:\/\/camping-sunocean.fr\/en\/wp-json\/wp\/v2\/users\/1"}],"replies":[{"embeddable":true,"href":"https:\/\/camping-sunocean.fr\/en\/wp-json\/wp\/v2\/comments?post=1799"}],"version-history":[{"count":0,"href":"https:\/\/camping-sunocean.fr\/en\/wp-json\/wp\/v2\/pages\/1799\/revisions"}],"up":[{"embeddable":true,"href":"https:\/\/camping-sunocean.fr\/en\/wp-json\/wp\/v2\/pages\/1800"}],"wp:attachment":[{"href":"https:\/\/camping-sunocean.fr\/en\/wp-json\/wp\/v2\/media?parent=1799"}],"curies":[{"name":"wp","href":"https:\/\/api.w.org\/{rel}","templated":true}]}}