{"id":1801,"date":"2022-11-17T14:41:56","date_gmt":"2022-11-17T13:41:56","guid":{"rendered":"https:\/\/camping-sunocean.fr\/the-atmosphere-of-the-campsite\/"},"modified":"2024-06-25T23:11:30","modified_gmt":"2024-06-25T21:11:30","slug":"the-atmosphere-of-the-campsite","status":"publish","type":"page","link":"https:\/\/camping-sunocean.fr\/en\/the-atmosphere-of-the-campsite\/","title":{"rendered":"The atmosphere of the campsite"},"content":{"rendered":"\n<h1 class=\"wp-block-heading\">The atmosphere of the campsite<\/h1>\n\n\n\n<h2 class=\"wp-block-heading has-text-align-left\">Camping Talmont-Saint-Hilaire near the sea and Sables d&#8217;Olonne in Vend\u00e9e (85)<\/h2>\n\n\n\n<p>Welcome to Sun Oc\u00e9an, our&nbsp;3 star campsite in Talmont-Saint-Hilaire&nbsp;near the sea in&nbsp;<strong>Vend\u00e9e<\/strong>.<\/p>\n\n\n\n<p>Our<strong>&nbsp;family campsite<\/strong>&nbsp;is located at the entrance of Talmont Saint Hilaire, near the&nbsp;<strong>beach of Veillon<\/strong>&nbsp;(5km), between&nbsp;les Sables d&#8217;Olonne&nbsp;(10 km) and Jard-sur-Mer on the&nbsp;<strong>C\u00f4te de Lumi\u00e8re<\/strong>, ideal for a stay in&nbsp;<strong>mobile home rental<\/strong>&nbsp;or in&nbsp;<strong>camping site<\/strong>&nbsp;with your tent, caravan or camper.<\/p>\n\n\n\n<h2 class=\"wp-block-heading\">3 star family campsite in Talmont Saint Hilaire<\/h2>\n\n\n\n<p><\/p>\n\n\n\n<p>At Sun Ocean, a <strong>3 star campsite in the Vend\u00e9e<\/strong> with 121 pitches, you will find the simple values of life, without stress, talking, laughing, having fun, walking, sunbathing, swimming, reading or playing. Savor the passing of time, find the moments to do nothing, just the <strong>pleasure<\/strong> of being on <strong>vacation with family <\/strong>or friends.<\/p>\n\n\n\n<p>We live our season with&nbsp;<strong>simplicity and conviviality<\/strong>&nbsp;and we welcome you in this spirit, quite naturally. See you soon.<\/p>\n\n\n\n<p><strong>Free shuttle to the beach in July and August.<\/strong><\/p>\n\n\n\n<p>The campsite is open from <strong>Saturday 06 April to Saturday 21 September 2024<\/strong><\/p>\n\n\n\n<div style=\"height:57px\" aria-hidden=\"true\" class=\"wp-block-spacer\"><\/div>\n\n\n\t\t\t<div id=\"sevgallery-1250053627\" class=\"sev-diaporama sev-diaporama-portfolio\">\r\n\t\t\t<div class=\"row\">\r\n\r\n\t\t\t\r\n\t\t\t\t\r\n\t\t\t\t<div class=\"sev-diaporama-portfolio-item col-12 col-sm  col-shrink\">\r\n\t\t\t\t\t<a href=\"https:\/\/camping-sunocean.fr\/wp-content\/uploads\/2024\/10\/Sun-Ocean_12072023_026_0.jpg\" data-lightbox=\"sevgallery-1250053627\" style=\"background-image: url(https:\/\/camping-sunocean.fr\/wp-content\/uploads\/2024\/10\/Sun-Ocean_12072023_026_0.jpg)\">\r\n\t\t\t\t\t\t<img decoding=\"async\" src=\"https:\/\/camping-sunocean.fr\/wp-content\/uploads\/2024\/10\/Sun-Ocean_12072023_026_0.jpg\" alt=\"accueil camping maeva sun ocean\" loading=\"lazy\">\r\n\t\t\t\t\t<\/a>\r\n\t\t\t\t<\/div>\r\n\r\n\t\t\t\t\r\n\t\t\t\t\t\t\t\t\t\t\t\r\n\t\t\t\t\r\n\t\t\t\t<div class=\"sev-diaporama-portfolio-item col-12 col-sm  col-shrink\">\r\n\t\t\t\t\t<a href=\"https:\/\/camping-sunocean.fr\/wp-content\/uploads\/2024\/10\/Sun-Ocean_12072023_024_0.jpg\" data-lightbox=\"sevgallery-1250053627\" style=\"background-image: url(https:\/\/camping-sunocean.fr\/wp-content\/uploads\/2024\/10\/Sun-Ocean_12072023_024_0.jpg)\">\r\n\t\t\t\t\t\t<img decoding=\"async\" src=\"https:\/\/camping-sunocean.fr\/wp-content\/uploads\/2024\/10\/Sun-Ocean_12072023_024_0.jpg\" alt=\"\" loading=\"lazy\">\r\n\t\t\t\t\t<\/a>\r\n\t\t\t\t<\/div>\r\n\r\n\t\t\t\t\r\n\t\t\t\t\t\t\t\t\t\t\t\r\n\t\t\t\t\r\n\t\t\t\t<div class=\"sev-diaporama-portfolio-item col-12 col-sm  col-grow\">\r\n\t\t\t\t\t<a href=\"https:\/\/camping-sunocean.fr\/wp-content\/uploads\/2022\/11\/IMG_8158-1.jpg\" data-lightbox=\"sevgallery-1250053627\" style=\"background-image: url(https:\/\/camping-sunocean.fr\/wp-content\/uploads\/2022\/11\/IMG_8158-1.jpg)\">\r\n\t\t\t\t\t\t<img decoding=\"async\" src=\"https:\/\/camping-sunocean.fr\/wp-content\/uploads\/2022\/11\/IMG_8158-1.jpg\" alt=\"\" loading=\"lazy\">\r\n\t\t\t\t\t<\/a>\r\n\t\t\t\t<\/div>\r\n\r\n\t\t\t\t\r\n\t\t\t\t\t\t\t\t\t\t\t\r\n\t\t\t\t\r\n\t\t\t\t<div class=\"sev-diaporama-portfolio-item col-12 col-sm  col-grow\">\r\n\t\t\t\t\t<a href=\"https:\/\/camping-sunocean.fr\/wp-content\/uploads\/2022\/11\/IMG_7974-1.jpg\" data-lightbox=\"sevgallery-1250053627\" style=\"background-image: url(https:\/\/camping-sunocean.fr\/wp-content\/uploads\/2022\/11\/IMG_7974-1.jpg)\">\r\n\t\t\t\t\t\t<img decoding=\"async\" src=\"https:\/\/camping-sunocean.fr\/wp-content\/uploads\/2022\/11\/IMG_7974-1.jpg\" alt=\"\" loading=\"lazy\">\r\n\t\t\t\t\t<\/a>\r\n\t\t\t\t<\/div>\r\n\r\n\t\t\t\t\t\t\t\t\t<div class=\"w-100\"><\/div>\r\n\t\t\t\t\t\t\t\t\t\r\n\t\t\t\t\t\t\t\t\t\t\t\r\n\t\t\t\t\r\n\t\t\t\t<div class=\"sev-diaporama-portfolio-item col-12 col-sm \">\r\n\t\t\t\t\t<a href=\"https:\/\/camping-sunocean.fr\/wp-content\/uploads\/2024\/10\/Sun-Ocean_12072023_091_0.jpg\" data-lightbox=\"sevgallery-1250053627\" style=\"background-image: url(https:\/\/camping-sunocean.fr\/wp-content\/uploads\/2024\/10\/Sun-Ocean_12072023_091_0.jpg)\">\r\n\t\t\t\t\t\t<img decoding=\"async\" src=\"https:\/\/camping-sunocean.fr\/wp-content\/uploads\/2024\/10\/Sun-Ocean_12072023_091_0.jpg\" alt=\"\" loading=\"lazy\">\r\n\t\t\t\t\t<\/a>\r\n\t\t\t\t<\/div>\r\n\r\n\t\t\t\t\r\n\t\t\t\t\t\t\t\t\t\t\t\r\n\t\t\t\t\r\n\t\t\t\t<div class=\"sev-diaporama-portfolio-item col-12 col-sm  col-grow\">\r\n\t\t\t\t\t<a href=\"https:\/\/camping-sunocean.fr\/wp-content\/uploads\/2024\/10\/Sun-Ocean_12072023_095_0.jpg\" data-lightbox=\"sevgallery-1250053627\" style=\"background-image: url(https:\/\/camping-sunocean.fr\/wp-content\/uploads\/2024\/10\/Sun-Ocean_12072023_095_0.jpg)\">\r\n\t\t\t\t\t\t<img decoding=\"async\" src=\"https:\/\/camping-sunocean.fr\/wp-content\/uploads\/2024\/10\/Sun-Ocean_12072023_095_0.jpg\" alt=\"\" loading=\"lazy\">\r\n\t\t\t\t\t<\/a>\r\n\t\t\t\t<\/div>\r\n\r\n\t\t\t\t\r\n\t\t\t\t\t\t\t\t\t\t\t\r\n\t\t\t\t\r\n\t\t\t\t<div class=\"sev-diaporama-portfolio-item col-12 col-sm \">\r\n\t\t\t\t\t<a href=\"https:\/\/camping-sunocean.fr\/wp-content\/uploads\/2023\/08\/Sun-Ocean_12072023_038_0.jpg\" data-lightbox=\"sevgallery-1250053627\" style=\"background-image: url(https:\/\/camping-sunocean.fr\/wp-content\/uploads\/2023\/08\/Sun-Ocean_12072023_038_0.jpg)\">\r\n\t\t\t\t\t\t<img decoding=\"async\" src=\"https:\/\/camping-sunocean.fr\/wp-content\/uploads\/2023\/08\/Sun-Ocean_12072023_038_0.jpg\" alt=\"\" loading=\"lazy\">\r\n\t\t\t\t\t<\/a>\r\n\t\t\t\t<\/div>\r\n\r\n\t\t\t\t\r\n\t\t\t\t\t\t\t\t\t\t\t\r\n\t\t\t\t\r\n\t\t\t\t<div class=\"sev-diaporama-portfolio-item col-12 col-sm \">\r\n\t\t\t\t\t<a href=\"https:\/\/camping-sunocean.fr\/wp-content\/uploads\/2022\/11\/campings-en-vendee-1.jpg\" data-lightbox=\"sevgallery-1250053627\" style=\"background-image: url(https:\/\/camping-sunocean.fr\/wp-content\/uploads\/2022\/11\/campings-en-vendee-1.jpg)\">\r\n\t\t\t\t\t\t<img decoding=\"async\" src=\"https:\/\/camping-sunocean.fr\/wp-content\/uploads\/2022\/11\/campings-en-vendee-1.jpg\" alt=\"\" loading=\"lazy\">\r\n\t\t\t\t\t<\/a>\r\n\t\t\t\t<\/div>\r\n\r\n\t\t\t\t\t\t\t\t\t<div class=\"w-100\"><\/div>\r\n\t\t\t\t\t\t\t\t\t\r\n\t\t\t\t\t\t\t\t\t\t\t\r\n\t\t\t\t\r\n\t\t\t\t<div class=\"sev-diaporama-portfolio-item col-12 col-sm  col-shrink d-none\">\r\n\t\t\t\t\t<a href=\"https:\/\/camping-sunocean.fr\/wp-content\/uploads\/2024\/10\/Sun-Ocean_12072023_084_0.jpg\" data-lightbox=\"sevgallery-1250053627\" style=\"background-image: url(https:\/\/camping-sunocean.fr\/wp-content\/uploads\/2024\/10\/Sun-Ocean_12072023_084_0.jpg)\">\r\n\t\t\t\t\t\t<img decoding=\"async\" src=\"https:\/\/camping-sunocean.fr\/wp-content\/uploads\/2024\/10\/Sun-Ocean_12072023_084_0.jpg\" alt=\"\" loading=\"lazy\">\r\n\t\t\t\t\t<\/a>\r\n\t\t\t\t<\/div>\r\n\r\n\t\t\t\t\r\n\t\t\t\t\t\t\t\t\t\t\t\r\n\t\t\t\t\r\n\t\t\t\t<div class=\"sev-diaporama-portfolio-item col-12 col-sm  col-shrink d-none\">\r\n\t\t\t\t\t<a href=\"https:\/\/camping-sunocean.fr\/wp-content\/uploads\/2024\/10\/Sun-Ocean_12072023_080_0.jpg\" data-lightbox=\"sevgallery-1250053627\" style=\"background-image: url(https:\/\/camping-sunocean.fr\/wp-content\/uploads\/2024\/10\/Sun-Ocean_12072023_080_0.jpg)\">\r\n\t\t\t\t\t\t<img decoding=\"async\" src=\"https:\/\/camping-sunocean.fr\/wp-content\/uploads\/2024\/10\/Sun-Ocean_12072023_080_0.jpg\" alt=\"\" loading=\"lazy\">\r\n\t\t\t\t\t<\/a>\r\n\t\t\t\t<\/div>\r\n\r\n\t\t\t\t\r\n\t\t\t\t\t\t\t\t\t\t\t\r\n\t\t\t\t\r\n\t\t\t\t<div class=\"sev-diaporama-portfolio-item col-12 col-sm  col-shrink d-none\">\r\n\t\t\t\t\t<a href=\"https:\/\/camping-sunocean.fr\/wp-content\/uploads\/2023\/08\/Sun-Ocean_12072023_MH1_013_0.jpg\" data-lightbox=\"sevgallery-1250053627\" style=\"background-image: url(https:\/\/camping-sunocean.fr\/wp-content\/uploads\/2023\/08\/Sun-Ocean_12072023_MH1_013_0.jpg)\">\r\n\t\t\t\t\t\t<img decoding=\"async\" src=\"https:\/\/camping-sunocean.fr\/wp-content\/uploads\/2023\/08\/Sun-Ocean_12072023_MH1_013_0.jpg\" alt=\"\" loading=\"lazy\">\r\n\t\t\t\t\t<\/a>\r\n\t\t\t\t<\/div>\r\n\r\n\t\t\t\t\r\n\t\t\t\t\t\t\t\t\t\t\t\r\n\t\t\t\t\r\n\t\t\t\t<div class=\"sev-diaporama-portfolio-item col-12 col-sm  col-shrink d-none\">\r\n\t\t\t\t\t<a href=\"https:\/\/camping-sunocean.fr\/wp-content\/uploads\/2022\/11\/emplacements-camping.jpg\" data-lightbox=\"sevgallery-1250053627\" style=\"background-image: url(https:\/\/camping-sunocean.fr\/wp-content\/uploads\/2022\/11\/emplacements-camping.jpg)\">\r\n\t\t\t\t\t\t<img decoding=\"async\" src=\"https:\/\/camping-sunocean.fr\/wp-content\/uploads\/2022\/11\/emplacements-camping.jpg\" alt=\"\" loading=\"lazy\">\r\n\t\t\t\t\t<\/a>\r\n\t\t\t\t<\/div>\r\n\r\n\t\t\t\t\t\t\t\t\t<div class=\"w-100 d-none\"><\/div>\r\n\t\t\t\t\t\t\t\t\t\r\n\t\t\t\t\t\t\t\t\t\t\t\r\n\t\t\t\t\r\n\t\t\t\t<div class=\"sev-diaporama-portfolio-item col-12 col-sm  col-shrink d-none\">\r\n\t\t\t\t\t<a href=\"https:\/\/camping-sunocean.fr\/wp-content\/uploads\/2022\/11\/IMG_0410.jpg\" data-lightbox=\"sevgallery-1250053627\" style=\"background-image: url(https:\/\/camping-sunocean.fr\/wp-content\/uploads\/2022\/11\/IMG_0410.jpg)\">\r\n\t\t\t\t\t\t<img decoding=\"async\" src=\"https:\/\/camping-sunocean.fr\/wp-content\/uploads\/2022\/11\/IMG_0410.jpg\" alt=\"\" loading=\"lazy\">\r\n\t\t\t\t\t<\/a>\r\n\t\t\t\t<\/div>\r\n\r\n\t\t\t\t\r\n\t\t\t\t\t\t\t\t\t\t\t\t\t\t<\/div>\r\n\t\t\t<\/div>\r\n\r\n\t\t\t<script>\r\n\t\t\tjQuery(function($) {\r\n\r\n\t\t\t\tvar marginPortfolio = function() {\r\n\r\n\t\t\t\t\tvar $diapo          = $('#sevgallery-1250053627');\r\n\t\t\t\t\tvar container_width = $diapo.parent().outerWidth();\r\n\t\t\t\t\tvar side            = ( $(window).innerWidth() - container_width ) \/ 2;\r\n\r\n\t\t\t\t\t$diapo.css( {\r\n\t\t\t\t\t\t'margin-left': '-' + side + 'px',\r\n\t\t\t\t\t\t'margin-right': '-' + side + 'px',\r\n\t\t\t\t\t} );\r\n\t\t\t\t};\r\n\r\n\t\t\t\t$( window ).resize( function() {\r\n\t\t\t\t\tmarginPortfolio();\r\n\t\t\t\t} );\r\n\t\t\t\tmarginPortfolio();\r\n\t\t\t});\r\n\t\t\t<\/script>\r\n\t\t\t\n\n\n\n<figure class=\"wp-block-gallery alignfull has-nested-images columns-default is-cropped wp-block-gallery-1 is-layout-flex wp-block-gallery-is-layout-flex\"><\/figure>\n","protected":false},"excerpt":{"rendered":"<p>The atmosphere of the campsite Camping Talmont-Saint-Hilaire near the sea and Sables d&#8217;Olonne in Vend\u00e9e (85) Welcome to Sun Oc\u00e9an, our&nbsp;3 star campsite in Talmont-Saint-Hilaire&nbsp;near the sea in&nbsp;Vend\u00e9e. Our&nbsp;family campsite&nbsp;is located at the entrance of Talmont Saint Hilaire, near the&nbsp;beach of Veillon&nbsp;(5km), between&nbsp;les Sables d&#8217;Olonne&nbsp;(10 km) and Jard-sur-Mer on the&nbsp;C\u00f4te de Lumi\u00e8re, ideal for a [&hellip;]<\/p>\n","protected":false},"author":1,"featured_media":0,"parent":0,"menu_order":0,"comment_status":"closed","ping_status":"closed","template":"","meta":{"_seopress_robots_primary_cat":"","_seopress_titles_title":"Sun Oc\u00e9an - a family campsite","_seopress_titles_desc":"The family atmosphere of the Sun Oc\u00e9an campsite will delight young and old all summer long. Get together as a family and enjoy some quality time together.","_seopress_robots_index":"","footnotes":""},"class_list":["post-1801","page","type-page","status-publish","hentry"],"_links":{"self":[{"href":"https:\/\/camping-sunocean.fr\/en\/wp-json\/wp\/v2\/pages\/1801","targetHints":{"allow":["GET"]}}],"collection":[{"href":"https:\/\/camping-sunocean.fr\/en\/wp-json\/wp\/v2\/pages"}],"about":[{"href":"https:\/\/camping-sunocean.fr\/en\/wp-json\/wp\/v2\/types\/page"}],"author":[{"embeddable":true,"href":"https:\/\/camping-sunocean.fr\/en\/wp-json\/wp\/v2\/users\/1"}],"replies":[{"embeddable":true,"href":"https:\/\/camping-sunocean.fr\/en\/wp-json\/wp\/v2\/comments?post=1801"}],"version-history":[{"count":2,"href":"https:\/\/camping-sunocean.fr\/en\/wp-json\/wp\/v2\/pages\/1801\/revisions"}],"predecessor-version":[{"id":3494,"href":"https:\/\/camping-sunocean.fr\/en\/wp-json\/wp\/v2\/pages\/1801\/revisions\/3494"}],"wp:attachment":[{"href":"https:\/\/camping-sunocean.fr\/en\/wp-json\/wp\/v2\/media?parent=1801"}],"curies":[{"name":"wp","href":"https:\/\/api.w.org\/{rel}","templated":true}]}}