{"id":1802,"date":"2022-11-17T16:14:49","date_gmt":"2022-11-17T15:14:49","guid":{"rendered":"https:\/\/camping-sunocean.fr\/the-experiments\/off-season-experience\/"},"modified":"2022-11-17T16:14:49","modified_gmt":"2022-11-17T15:14:49","slug":"off-season-experience","status":"publish","type":"page","link":"https:\/\/camping-sunocean.fr\/en\/the-experiments\/off-season-experience\/","title":{"rendered":"Off-season experience"},"content":{"rendered":"\n<h1 class=\"wp-block-heading\">Off-Season Experience<\/h1>\n\n\n\n<p>For an off-season stay in <a href=\"https:\/\/camping-sunocean.fr\/cote-ville\/talmont-saint-hilaire\/\" data-type=\"page\" data-id=\"285\">Talmont Saint Hilaire<\/a> in the calm of the Sun Oc\u00e9an campsite, what activities can you do? In the surroundings, many proposals are offered to you, we have selected some of them.<\/p>\n\n\n\n<div style=\"height:14px\" aria-hidden=\"true\" class=\"wp-block-spacer\"><\/div>\n\n\n\n<div class=\"wp-block-columns is-layout-flex wp-container-core-columns-is-layout-28f84493 wp-block-columns-is-layout-flex\">\n<div class=\"wp-block-column is-content-justification-right is-layout-constrained wp-container-core-column-is-layout-10fc58fb wp-block-column-is-layout-constrained\" style=\"padding-top:var(--wp--preset--spacing--50);padding-right:var(--wp--preset--spacing--50);padding-bottom:var(--wp--preset--spacing--50);padding-left:var(--wp--preset--spacing--50);flex-basis:66.66%\">\n<h2 class=\"wp-block-heading\">The salt marshes<\/h2>\n\n\n\n<p>If you like quiet walks far from the crowd, go through the<strong> salt marshes<\/strong>. Accessible on foot, you can park in one of the free parking lots at your disposal. Since the Middle Ages, the salt marshes have been exploited by the salt workers to obtain a quality salt, drawn from the sea water. Discover their ancestral know-how and walk through the miles of nature and vegetation. Discover also the oyster farming, and take the time to taste some oysters.<\/p>\n<\/div>\n\n\n\n<div class=\"wp-block-column is-layout-constrained wp-block-column-is-layout-constrained\" style=\"flex-basis:33.33%\">\n<figure class=\"wp-block-image size-large\"><img decoding=\"async\" src=\"https:\/\/camping-sunocean.fr\/wp-content\/uploads\/2022\/11\/marais-poitevin-grue-IMG_5254-1024x683.jpg\" alt=\"salt marshes\" class=\"wp-image-200\"><\/figure>\n<\/div>\n<\/div>\n\n\n\n<div style=\"height:14px\" aria-hidden=\"true\" class=\"wp-block-spacer\"><\/div>\n\n\n\n<div class=\"wp-block-columns is-layout-flex wp-container-core-columns-is-layout-2aa49d08 wp-block-columns-is-layout-flex\" style=\"padding-top:var(--wp--preset--spacing--50);padding-right:var(--wp--preset--spacing--50);padding-bottom:var(--wp--preset--spacing--50);padding-left:var(--wp--preset--spacing--50)\">\n<div class=\"wp-block-column is-layout-constrained wp-block-column-is-layout-constrained\" style=\"flex-basis:33.33%\">\n<figure class=\"wp-block-image size-large\"><img decoding=\"async\" src=\"https:\/\/camping-sunocean.fr\/wp-content\/uploads\/2022\/11\/Photo-anse-du-veillon-P1320238-1024x769.jpg\" alt=\"veillon beach\" class=\"wp-image-191\"><\/figure>\n<\/div>\n\n\n\n<div class=\"wp-block-column is-content-justification-left is-layout-constrained wp-container-core-column-is-layout-d8f9ca4b wp-block-column-is-layout-constrained\" style=\"padding-top:var(--wp--preset--spacing--50);padding-right:var(--wp--preset--spacing--50);padding-bottom:var(--wp--preset--spacing--50);padding-left:var(--wp--preset--spacing--50);flex-basis:66.66%\">\n<h2 class=\"wp-block-heading\">The Veillon Beach<\/h2>\n\n\n\n<p>If you want the benefits of the beach without the nuisance of the crowd, at the end of this journey through the marshes you will find <strong>the beach of Veillon<\/strong>. Even out of season, this place is a treat for the eyes. Turquoise water, white sand and light breeze, everything is there to enjoy the view. Take the time to stop by, you won&#8217;t be disappointed.<\/p>\n<\/div>\n<\/div>\n\n\n\n<div style=\"height:14px\" aria-hidden=\"true\" class=\"wp-block-spacer\"><\/div>\n\n\n\n<div class=\"wp-block-columns is-layout-flex wp-container-core-columns-is-layout-28f84493 wp-block-columns-is-layout-flex\">\n<div class=\"wp-block-column is-content-justification-right is-layout-constrained wp-container-core-column-is-layout-10fc58fb wp-block-column-is-layout-constrained\" style=\"padding-top:var(--wp--preset--spacing--50);padding-right:var(--wp--preset--spacing--50);padding-bottom:var(--wp--preset--spacing--50);padding-left:var(--wp--preset--spacing--50);flex-basis:66.66%\">\n<h2 class=\"wp-block-heading\">Gold de la Domang\u00e8re<\/h2>\n\n\n\n<p>If you are a golf fan, the <strong>Golf Club of Bourgenay<\/strong>, only a few minutes away from your campsite, is a unique place in the heart of nature, to play a game or several in the calm and serenity. It is open from 8:30 am to 5:30 pm from November to February and from 8:30 am to 6 pm in March and October.<\/p>\n<\/div>\n\n\n\n<div class=\"wp-block-column is-layout-constrained wp-block-column-is-layout-constrained\" style=\"flex-basis:33.33%\">\n<figure class=\"wp-block-image size-large\"><img loading=\"lazy\" decoding=\"async\" width=\"1024\" height=\"501\" src=\"https:\/\/camping-sunocean.fr\/wp-content\/uploads\/2022\/11\/Golf-de-la-domangere-1024x501.jpg\" alt=\"golf de la domangere\" class=\"wp-image-277\" srcset=\"https:\/\/camping-sunocean.fr\/wp-content\/uploads\/2022\/11\/Golf-de-la-domangere-1024x501.jpg 1024w, https:\/\/camping-sunocean.fr\/wp-content\/uploads\/2022\/11\/Golf-de-la-domangere-300x147.jpg 300w, https:\/\/camping-sunocean.fr\/wp-content\/uploads\/2022\/11\/Golf-de-la-domangere-768x376.jpg 768w, https:\/\/camping-sunocean.fr\/wp-content\/uploads\/2022\/11\/Golf-de-la-domangere.jpg 1200w\" sizes=\"auto, (max-width: 1024px) 100vw, 1024px\" \/><\/figure>\n<\/div>\n<\/div>\n\n\n\n<div style=\"height:14px\" aria-hidden=\"true\" class=\"wp-block-spacer\"><\/div>\n\n\n\n<div class=\"wp-block-columns is-layout-flex wp-container-core-columns-is-layout-28f84493 wp-block-columns-is-layout-flex\">\n<div class=\"wp-block-column is-layout-constrained wp-block-column-is-layout-constrained\" style=\"flex-basis:33.33%\">\n<figure class=\"wp-block-image size-large is-style-default\"><img decoding=\"async\" src=\"https:\/\/camping-sunocean.fr\/wp-content\/uploads\/2022\/11\/eco-zoo-des-sables-IMG_3881-1024x683.jpg\" alt=\"zoo des sables\" class=\"wp-image-278\"><\/figure>\n<\/div>\n\n\n\n<div class=\"wp-block-column is-content-justification-left is-layout-constrained wp-container-core-column-is-layout-d8f9ca4b wp-block-column-is-layout-constrained\" style=\"padding-top:var(--wp--preset--spacing--50);padding-right:var(--wp--preset--spacing--50);padding-bottom:var(--wp--preset--spacing--50);padding-left:var(--wp--preset--spacing--50);flex-basis:66.66%\">\n<h2 class=\"wp-block-heading\">The Sands Zoo<\/h2>\n\n\n\n<p>And if you are more of a leisurely stroll, we suggest a visit to the<strong> zoo in Les Sables d&#8217;Olonne<\/strong>. Close to your campsite, this zoo is open every day from February 5 to November 13. Consult the schedules on their website. This zoo qualifies itself &#8221;&nbsp;d&#8217;\u00e9cozoo&nbsp;&#8221; because of its environmental commitment. Indeed, they act for the conservation of local and exotic species and educate their public to eco-responsibility. Take your time and enjoy the animals.<\/p>\n<\/div>\n<\/div>\n\n\n\n<p class=\"has-text-align-center h1-like\">The campsite in some pictures :<\/p>\n\n\n\t\t\t<div id=\"sevgallery-3795018391\" class=\"sev-diaporama sev-diaporama-portfolio\">\r\n\t\t\t<div class=\"row\">\r\n\r\n\t\t\t\r\n\t\t\t\t\r\n\t\t\t\t<div class=\"sev-diaporama-portfolio-item col-12 col-sm  col-grow\">\r\n\t\t\t\t\t<a href=\"https:\/\/camping-sunocean.fr\/wp-content\/uploads\/2024\/10\/Sun-Ocean_12072023_026_0.jpg\" data-lightbox=\"sevgallery-3795018391\" style=\"background-image: url(https:\/\/camping-sunocean.fr\/wp-content\/uploads\/2024\/10\/Sun-Ocean_12072023_026_0.jpg)\">\r\n\t\t\t\t\t\t<img decoding=\"async\" src=\"https:\/\/camping-sunocean.fr\/wp-content\/uploads\/2024\/10\/Sun-Ocean_12072023_026_0.jpg\" alt=\"accueil camping maeva sun ocean\" loading=\"lazy\">\r\n\t\t\t\t\t<\/a>\r\n\t\t\t\t<\/div>\r\n\r\n\t\t\t\t\r\n\t\t\t\t\t\t\t\t\t\t\t\r\n\t\t\t\t\r\n\t\t\t\t<div class=\"sev-diaporama-portfolio-item col-12 col-sm \">\r\n\t\t\t\t\t<a href=\"https:\/\/camping-sunocean.fr\/wp-content\/uploads\/2024\/10\/Sun-Ocean_12072023_024_0.jpg\" data-lightbox=\"sevgallery-3795018391\" style=\"background-image: url(https:\/\/camping-sunocean.fr\/wp-content\/uploads\/2024\/10\/Sun-Ocean_12072023_024_0.jpg)\">\r\n\t\t\t\t\t\t<img decoding=\"async\" src=\"https:\/\/camping-sunocean.fr\/wp-content\/uploads\/2024\/10\/Sun-Ocean_12072023_024_0.jpg\" alt=\"\" loading=\"lazy\">\r\n\t\t\t\t\t<\/a>\r\n\t\t\t\t<\/div>\r\n\r\n\t\t\t\t\r\n\t\t\t\t\t\t\t\t\t\t\t\r\n\t\t\t\t\r\n\t\t\t\t<div class=\"sev-diaporama-portfolio-item col-12 col-sm  col-shrink\">\r\n\t\t\t\t\t<a href=\"https:\/\/camping-sunocean.fr\/wp-content\/uploads\/2022\/11\/IMG_8158-1.jpg\" data-lightbox=\"sevgallery-3795018391\" style=\"background-image: url(https:\/\/camping-sunocean.fr\/wp-content\/uploads\/2022\/11\/IMG_8158-1.jpg)\">\r\n\t\t\t\t\t\t<img decoding=\"async\" src=\"https:\/\/camping-sunocean.fr\/wp-content\/uploads\/2022\/11\/IMG_8158-1.jpg\" alt=\"\" loading=\"lazy\">\r\n\t\t\t\t\t<\/a>\r\n\t\t\t\t<\/div>\r\n\r\n\t\t\t\t\r\n\t\t\t\t\t\t\t\t\t\t\t\r\n\t\t\t\t\r\n\t\t\t\t<div class=\"sev-diaporama-portfolio-item col-12 col-sm \">\r\n\t\t\t\t\t<a href=\"https:\/\/camping-sunocean.fr\/wp-content\/uploads\/2022\/11\/IMG_7974-1.jpg\" data-lightbox=\"sevgallery-3795018391\" style=\"background-image: url(https:\/\/camping-sunocean.fr\/wp-content\/uploads\/2022\/11\/IMG_7974-1.jpg)\">\r\n\t\t\t\t\t\t<img decoding=\"async\" src=\"https:\/\/camping-sunocean.fr\/wp-content\/uploads\/2022\/11\/IMG_7974-1.jpg\" alt=\"\" loading=\"lazy\">\r\n\t\t\t\t\t<\/a>\r\n\t\t\t\t<\/div>\r\n\r\n\t\t\t\t\t\t\t\t\t<div class=\"w-100\"><\/div>\r\n\t\t\t\t\t\t\t\t\t\r\n\t\t\t\t\t\t\t\t\t\t\t\r\n\t\t\t\t\r\n\t\t\t\t<div class=\"sev-diaporama-portfolio-item col-12 col-sm \">\r\n\t\t\t\t\t<a href=\"https:\/\/camping-sunocean.fr\/wp-content\/uploads\/2024\/10\/Sun-Ocean_12072023_091_0.jpg\" data-lightbox=\"sevgallery-3795018391\" style=\"background-image: url(https:\/\/camping-sunocean.fr\/wp-content\/uploads\/2024\/10\/Sun-Ocean_12072023_091_0.jpg)\">\r\n\t\t\t\t\t\t<img decoding=\"async\" src=\"https:\/\/camping-sunocean.fr\/wp-content\/uploads\/2024\/10\/Sun-Ocean_12072023_091_0.jpg\" alt=\"\" loading=\"lazy\">\r\n\t\t\t\t\t<\/a>\r\n\t\t\t\t<\/div>\r\n\r\n\t\t\t\t\r\n\t\t\t\t\t\t\t\t\t\t\t\r\n\t\t\t\t\r\n\t\t\t\t<div class=\"sev-diaporama-portfolio-item col-12 col-sm  col-shrink\">\r\n\t\t\t\t\t<a href=\"https:\/\/camping-sunocean.fr\/wp-content\/uploads\/2024\/10\/Sun-Ocean_12072023_095_0.jpg\" data-lightbox=\"sevgallery-3795018391\" style=\"background-image: url(https:\/\/camping-sunocean.fr\/wp-content\/uploads\/2024\/10\/Sun-Ocean_12072023_095_0.jpg)\">\r\n\t\t\t\t\t\t<img decoding=\"async\" src=\"https:\/\/camping-sunocean.fr\/wp-content\/uploads\/2024\/10\/Sun-Ocean_12072023_095_0.jpg\" alt=\"\" loading=\"lazy\">\r\n\t\t\t\t\t<\/a>\r\n\t\t\t\t<\/div>\r\n\r\n\t\t\t\t\r\n\t\t\t\t\t\t\t\t\t\t\t\r\n\t\t\t\t\r\n\t\t\t\t<div class=\"sev-diaporama-portfolio-item col-12 col-sm  col-grow\">\r\n\t\t\t\t\t<a href=\"https:\/\/camping-sunocean.fr\/wp-content\/uploads\/2023\/08\/Sun-Ocean_12072023_038_0.jpg\" data-lightbox=\"sevgallery-3795018391\" style=\"background-image: url(https:\/\/camping-sunocean.fr\/wp-content\/uploads\/2023\/08\/Sun-Ocean_12072023_038_0.jpg)\">\r\n\t\t\t\t\t\t<img decoding=\"async\" src=\"https:\/\/camping-sunocean.fr\/wp-content\/uploads\/2023\/08\/Sun-Ocean_12072023_038_0.jpg\" alt=\"\" loading=\"lazy\">\r\n\t\t\t\t\t<\/a>\r\n\t\t\t\t<\/div>\r\n\r\n\t\t\t\t\r\n\t\t\t\t\t\t\t\t\t\t\t\r\n\t\t\t\t\r\n\t\t\t\t<div class=\"sev-diaporama-portfolio-item col-12 col-sm  col-shrink\">\r\n\t\t\t\t\t<a href=\"https:\/\/camping-sunocean.fr\/wp-content\/uploads\/2022\/11\/campings-en-vendee-1.jpg\" data-lightbox=\"sevgallery-3795018391\" style=\"background-image: url(https:\/\/camping-sunocean.fr\/wp-content\/uploads\/2022\/11\/campings-en-vendee-1.jpg)\">\r\n\t\t\t\t\t\t<img decoding=\"async\" src=\"https:\/\/camping-sunocean.fr\/wp-content\/uploads\/2022\/11\/campings-en-vendee-1.jpg\" alt=\"\" loading=\"lazy\">\r\n\t\t\t\t\t<\/a>\r\n\t\t\t\t<\/div>\r\n\r\n\t\t\t\t\t\t\t\t\t<div class=\"w-100\"><\/div>\r\n\t\t\t\t\t\t\t\t\t\r\n\t\t\t\t\t\t\t\t\t\t\t\r\n\t\t\t\t\r\n\t\t\t\t<div class=\"sev-diaporama-portfolio-item col-12 col-sm  col-shrink d-none\">\r\n\t\t\t\t\t<a href=\"https:\/\/camping-sunocean.fr\/wp-content\/uploads\/2024\/10\/Sun-Ocean_12072023_084_0.jpg\" data-lightbox=\"sevgallery-3795018391\" style=\"background-image: url(https:\/\/camping-sunocean.fr\/wp-content\/uploads\/2024\/10\/Sun-Ocean_12072023_084_0.jpg)\">\r\n\t\t\t\t\t\t<img decoding=\"async\" src=\"https:\/\/camping-sunocean.fr\/wp-content\/uploads\/2024\/10\/Sun-Ocean_12072023_084_0.jpg\" alt=\"\" loading=\"lazy\">\r\n\t\t\t\t\t<\/a>\r\n\t\t\t\t<\/div>\r\n\r\n\t\t\t\t\r\n\t\t\t\t\t\t\t\t\t\t\t\r\n\t\t\t\t\r\n\t\t\t\t<div class=\"sev-diaporama-portfolio-item col-12 col-sm  col-shrink d-none\">\r\n\t\t\t\t\t<a href=\"https:\/\/camping-sunocean.fr\/wp-content\/uploads\/2024\/10\/Sun-Ocean_12072023_080_0.jpg\" data-lightbox=\"sevgallery-3795018391\" style=\"background-image: url(https:\/\/camping-sunocean.fr\/wp-content\/uploads\/2024\/10\/Sun-Ocean_12072023_080_0.jpg)\">\r\n\t\t\t\t\t\t<img decoding=\"async\" src=\"https:\/\/camping-sunocean.fr\/wp-content\/uploads\/2024\/10\/Sun-Ocean_12072023_080_0.jpg\" alt=\"\" loading=\"lazy\">\r\n\t\t\t\t\t<\/a>\r\n\t\t\t\t<\/div>\r\n\r\n\t\t\t\t\r\n\t\t\t\t\t\t\t\t\t\t\t\r\n\t\t\t\t\r\n\t\t\t\t<div class=\"sev-diaporama-portfolio-item col-12 col-sm  col-shrink d-none\">\r\n\t\t\t\t\t<a href=\"https:\/\/camping-sunocean.fr\/wp-content\/uploads\/2023\/08\/Sun-Ocean_12072023_MH1_013_0.jpg\" data-lightbox=\"sevgallery-3795018391\" style=\"background-image: url(https:\/\/camping-sunocean.fr\/wp-content\/uploads\/2023\/08\/Sun-Ocean_12072023_MH1_013_0.jpg)\">\r\n\t\t\t\t\t\t<img decoding=\"async\" src=\"https:\/\/camping-sunocean.fr\/wp-content\/uploads\/2023\/08\/Sun-Ocean_12072023_MH1_013_0.jpg\" alt=\"\" loading=\"lazy\">\r\n\t\t\t\t\t<\/a>\r\n\t\t\t\t<\/div>\r\n\r\n\t\t\t\t\r\n\t\t\t\t\t\t\t\t\t\t\t\r\n\t\t\t\t\r\n\t\t\t\t<div class=\"sev-diaporama-portfolio-item col-12 col-sm  col-grow d-none\">\r\n\t\t\t\t\t<a href=\"https:\/\/camping-sunocean.fr\/wp-content\/uploads\/2022\/11\/emplacements-camping.jpg\" data-lightbox=\"sevgallery-3795018391\" style=\"background-image: url(https:\/\/camping-sunocean.fr\/wp-content\/uploads\/2022\/11\/emplacements-camping.jpg)\">\r\n\t\t\t\t\t\t<img decoding=\"async\" src=\"https:\/\/camping-sunocean.fr\/wp-content\/uploads\/2022\/11\/emplacements-camping.jpg\" alt=\"\" loading=\"lazy\">\r\n\t\t\t\t\t<\/a>\r\n\t\t\t\t<\/div>\r\n\r\n\t\t\t\t\t\t\t\t\t<div class=\"w-100 d-none\"><\/div>\r\n\t\t\t\t\t\t\t\t\t\r\n\t\t\t\t\t\t\t\t\t\t\t\r\n\t\t\t\t\r\n\t\t\t\t<div class=\"sev-diaporama-portfolio-item col-12 col-sm  col-grow d-none\">\r\n\t\t\t\t\t<a href=\"https:\/\/camping-sunocean.fr\/wp-content\/uploads\/2022\/11\/IMG_0410.jpg\" data-lightbox=\"sevgallery-3795018391\" style=\"background-image: url(https:\/\/camping-sunocean.fr\/wp-content\/uploads\/2022\/11\/IMG_0410.jpg)\">\r\n\t\t\t\t\t\t<img decoding=\"async\" src=\"https:\/\/camping-sunocean.fr\/wp-content\/uploads\/2022\/11\/IMG_0410.jpg\" alt=\"\" loading=\"lazy\">\r\n\t\t\t\t\t<\/a>\r\n\t\t\t\t<\/div>\r\n\r\n\t\t\t\t\r\n\t\t\t\t\t\t\t\t\t\t\t\t\t\t<\/div>\r\n\t\t\t<\/div>\r\n\r\n\t\t\t<script>\r\n\t\t\tjQuery(function($) {\r\n\r\n\t\t\t\tvar marginPortfolio = function() {\r\n\r\n\t\t\t\t\tvar $diapo          = $('#sevgallery-3795018391');\r\n\t\t\t\t\tvar container_width = $diapo.parent().outerWidth();\r\n\t\t\t\t\tvar side            = ( $(window).innerWidth() - container_width ) \/ 2;\r\n\r\n\t\t\t\t\t$diapo.css( {\r\n\t\t\t\t\t\t'margin-left': '-' + side + 'px',\r\n\t\t\t\t\t\t'margin-right': '-' + side + 'px',\r\n\t\t\t\t\t} );\r\n\t\t\t\t};\r\n\r\n\t\t\t\t$( window ).resize( function() {\r\n\t\t\t\t\tmarginPortfolio();\r\n\t\t\t\t} );\r\n\t\t\t\tmarginPortfolio();\r\n\t\t\t});\r\n\t\t\t<\/script>\r\n\t\t\t\n","protected":false},"excerpt":{"rendered":"<p>Off-Season Experience For an off-season stay in Talmont Saint Hilaire in the calm of the Sun Oc\u00e9an campsite, what activities can you do? In the surroundings, many proposals are offered to you, we have selected some of them. The salt marshes If you like quiet walks far from the crowd, go through the salt marshes. [&hellip;]<\/p>\n","protected":false},"author":1,"featured_media":0,"parent":1792,"menu_order":3,"comment_status":"closed","ping_status":"closed","template":"","meta":{"_seopress_robots_primary_cat":"","_seopress_titles_title":"Even out of season, enjoy the Vend\u00e9e","_seopress_titles_desc":"Explore the Vend\u00e9e coastline even in autumn or winter and discover the activities in the vicinity, close to the Sun Oc\u00e9an campsite.","_seopress_robots_index":"","footnotes":""},"class_list":["post-1802","page","type-page","status-publish","hentry"],"_links":{"self":[{"href":"https:\/\/camping-sunocean.fr\/en\/wp-json\/wp\/v2\/pages\/1802","targetHints":{"allow":["GET"]}}],"collection":[{"href":"https:\/\/camping-sunocean.fr\/en\/wp-json\/wp\/v2\/pages"}],"about":[{"href":"https:\/\/camping-sunocean.fr\/en\/wp-json\/wp\/v2\/types\/page"}],"author":[{"embeddable":true,"href":"https:\/\/camping-sunocean.fr\/en\/wp-json\/wp\/v2\/users\/1"}],"replies":[{"embeddable":true,"href":"https:\/\/camping-sunocean.fr\/en\/wp-json\/wp\/v2\/comments?post=1802"}],"version-history":[{"count":0,"href":"https:\/\/camping-sunocean.fr\/en\/wp-json\/wp\/v2\/pages\/1802\/revisions"}],"up":[{"embeddable":true,"href":"https:\/\/camping-sunocean.fr\/en\/wp-json\/wp\/v2\/pages\/1792"}],"wp:attachment":[{"href":"https:\/\/camping-sunocean.fr\/en\/wp-json\/wp\/v2\/media?parent=1802"}],"curies":[{"name":"wp","href":"https:\/\/api.w.org\/{rel}","templated":true}]}}