{"id":1808,"date":"2022-11-17T15:07:25","date_gmt":"2022-11-17T14:07:25","guid":{"rendered":"https:\/\/camping-sunocean.fr\/nature-experiences\/100-nature-experience-day-2\/"},"modified":"2022-11-17T15:07:25","modified_gmt":"2022-11-17T14:07:25","slug":"100-nature-experience-day-2","status":"publish","type":"page","link":"https:\/\/camping-sunocean.fr\/en\/the-experiments\/nature-experiences\/100-nature-experience-day-2\/","title":{"rendered":"100% Nature Experience: Day 2"},"content":{"rendered":"\n<h1 class=\"wp-block-heading\">100% Nature Experience : Day 2  <\/h1>\n\n\n\n<div style=\"height:14px\" aria-hidden=\"true\" class=\"wp-block-spacer\"><\/div>\n\n\n\n<p>The must-see in the Vend\u00e9e during your stay at <a href=\"https:\/\/camping-sunocean.fr\/\" data-type=\"page\" data-id=\"2\">Camping Sun Oc\u00e9an<\/a> in <strong>Talmont Saint-Hilaire<\/strong> is, without a doubt, <strong>the Payr\u00e9 estuary<\/strong>, i.e. the natural site from the Veillon beach to La Guitti\u00e8re. Swimming on the <strong>beach of Veillon<\/strong>, water sports or even hiking, everything is gathered to enjoy the vacations, each in its own way, and in an idyllic setting. Moreover, this magnificent site has applied for the label &#8221;&nbsp;Grand site de France&nbsp;&#8221; thanks to its historical and natural heritage, its fauna and flora.<\/p>\n\n\n\n<div style=\"height:14px\" aria-hidden=\"true\" class=\"wp-block-spacer\"><\/div>\n\n\n\n<div class=\"wp-block-media-text alignwide is-stacked-on-mobile is-image-fill\"><figure class=\"wp-block-media-text__media\" style=\"background-image:url(https:\/\/camping-sunocean.fr\/wp-content\/uploads\/2022\/11\/Photo-plage-veillon-P1320202-1024x769.jpg);background-position:50% 50%\"><img decoding=\"async\" src=\"https:\/\/camping-sunocean.fr\/wp-content\/uploads\/2022\/11\/Photo-plage-veillon-P1320202-1024x769.jpg\" alt=\"\" class=\"wp-image-190 size-full\"><\/figure><div class=\"wp-block-media-text__content\">\n<h2 class=\"wp-block-heading\">The beach of Veillon, a small corner of paradise<\/h2>\n\n\n\n<p>Leave from your Sun Oc\u00e9an campsite, bring your bathing suit, towel, picnic and good shoes then get in your car and drive to <strong>the Veillon beach<\/strong> (13 minutes drive). You can park in one of the free parking lots near the beach. This wild beach of Talmont Saint Hilaire is a marvel for the eyes, appreciate the beauty of it a few moments, between fine sand and turquoise water. It is also very clean thanks to the maintenance that is done manually and regularly. The quality of the water is therefore preserved and rewarded by the label<strong> &#8221;&nbsp;Blue Flag&nbsp;&#8221; <\/strong>for several years.<\/p>\n\n\n\n<p>Here, everyone can find their happiness.<\/p>\n\n\n\n<p>To relax, towels and bathing suits are a must&nbsp;! Dive into the clear and refreshing water or bask in the sand, but in any case, enjoy the magic of the environment.<\/p>\n\n\n\n<p>With family, friends, couples or alone, enjoy your favorite activities&nbsp;: buoys, ball games, rackets, M\u00f6lky, petanque, reading&#8230;<\/p>\n<\/div><\/div>\n\n\n\n<div style=\"height:14px\" aria-hidden=\"true\" class=\"wp-block-spacer\"><\/div>\n\n\n\n<div class=\"wp-block-media-text alignwide has-media-on-the-right is-stacked-on-mobile is-image-fill\"><div class=\"wp-block-media-text__content\">\n<h2 class=\"wp-block-heading\">Between relaxation and fun<\/h2>\n\n\n\n<p>And if you ever feel like a builder, start building a sand castle&#8230; Maybe yours will be lucky enough to resist the waves of the rising tide<\/p>\n\n\n\n<p>And if you have the soul of an adventurer, cross the woods and choose to rent your <strong>kayak<\/strong> or<strong> paddle<\/strong> for a few hours, the time of a ride on the water.<\/p>\n\n\n\n<p>On board your kayak or your board, paddle and travel the sumptuous waters of the Vend\u00e9e coast. Although sporty, these activities are also relaxing with such landscapes&nbsp;!<\/p>\n\n\n\n<p>And for nature lovers, what better way than to walk or cycle along the footpaths adjacent to this remarkable site.<\/p>\n\n\n\n<p>You will first walk along <strong>the forest<\/strong> near the beach of Veillon&nbsp;: <strong>the Bois du Veillon<\/strong>, in the shade under the freshness of the trees. You will then arrive in the countryside, where the roads are narrower and nature takes over.<\/p>\n\n\n\n<p>Then, you will cross the marshes. Can you smell that salty smell&nbsp;? The marshes are used for the extraction and collection of sea salt, their scents perfume the air and flood your nose.<\/p>\n\n\n\n<p>You will finally arrive at <strong>La Guitti\u00e8re<\/strong>, a small district of Talmont Saint Hilaire, classified as the first remarkable site of the Vend\u00e9e. It would be a shame to miss out!<\/p>\n<\/div><figure class=\"wp-block-media-text__media\" style=\"background-image:url(https:\/\/camping-sunocean.fr\/wp-content\/uploads\/2022\/11\/Photo-anse-du-veillon-P1320238-1024x769.jpg);background-position:50% 50%\"><img decoding=\"async\" src=\"https:\/\/camping-sunocean.fr\/wp-content\/uploads\/2022\/11\/Photo-anse-du-veillon-P1320238-1024x769.jpg\" alt=\"\" class=\"wp-image-191 size-full\"><\/figure><\/div>\n\n\n\n<div style=\"height:14px\" aria-hidden=\"true\" class=\"wp-block-spacer\"><\/div>\n\n\n\n<div class=\"wp-block-columns is-layout-flex wp-container-core-columns-is-layout-28f84493 wp-block-columns-is-layout-flex\">\n<div class=\"wp-block-column is-vertically-aligned-center is-layout-flow wp-block-column-is-layout-flow\">\n<figure class=\"wp-block-image aligncenter size-large has-custom-border\"><img decoding=\"async\" src=\"https:\/\/camping-sunocean.fr\/wp-content\/uploads\/2022\/11\/huitres-produits-de-la-mer-vendeee-IMG_4526-1024x683.jpg\" alt=\"\" class=\"wp-image-192\" style=\"border-radius:43px\"><\/figure>\n<\/div>\n\n\n\n<div class=\"wp-block-column is-vertically-aligned-center is-layout-flow wp-block-column-is-layout-flow\" style=\"border-style:none;border-width:0px;padding-top:0;padding-right:0;padding-bottom:0;padding-left:0\">\n<div class=\"wp-block-group is-layout-constrained wp-container-core-group-is-layout-307d876c wp-block-group-is-layout-constrained\" style=\"border-width:1px;border-radius:9px;padding-top:var(--wp--preset--spacing--50);padding-right:var(--wp--preset--spacing--50);padding-bottom:var(--wp--preset--spacing--50);padding-left:var(--wp--preset--spacing--50)\">\n<h2 class=\"wp-block-heading\"><strong>Did you know&nbsp;?  <\/strong><\/h2>\n\n\n\n<p>In these marshes, they also harvest oysters labeled &#8221;&nbsp;Vend\u00e9e Atlantique&nbsp;&#8220;. It is a guarantee of quality, whose reputation is now known in the Vend\u00e9e and well beyond the department. Excellent hot or cold, you can taste them in the small restaurant <strong>&#8221;&nbsp;<\/strong> L&#8217; <strong>\u00eele aux hu\u00eetres&nbsp;&#8220;<\/strong> at 150 meters after the Guitti\u00e8re. They are also rich in trace elements, so they contribute to the proper functioning of our body, a good reason to succumb to them.<\/p>\n<\/div>\n<\/div>\n<\/div>\n\n\n\n<div style=\"height:14px\" aria-hidden=\"true\" class=\"wp-block-spacer\"><\/div>\n\n\n\n<p>After touring this charming neighborhood, you can retrace your steps. You will find near the beach of Veillon something to eat and get your strength back after this walk rich in emotions. Take a trip to  <strong>&#8221;&nbsp;La Plage le Veillon&nbsp;&#8220;<\/strong>a quiet restaurant facing the sea, where you can enjoy a tasty, simple and refined cuisine&nbsp;The menu includes fresh fish from the Sables d&#8217;Olonne fish market, which means that it goes straight from the sea to the plate, fresh and tasty salads, and homemade dishes made with local products. You can also have a drink during the day, with the terrace and its beautiful view of the sea.<\/p>\n\n\n\n<p>After such an exciting day, it will be time to head back to your <strong>Sun Oc\u00e9an<\/strong> campsite <strong>in Talmont Saint Hilaire<\/strong>, to enjoy the calm and family atmosphere, in a mobile home or on your pitch. And why not take a little trip to the covered and heated swimming pool before attending one of the <strong>evenings<\/strong> organized by the campsite&nbsp;: bingo evening, meal with caterer, oyster tasting evening, magic show, clown show, concert.<\/p>\n\n\n\n<div style=\"height:30px\" aria-hidden=\"true\" class=\"wp-block-spacer\"><\/div>\n\n\n\n<p class=\"has-text-align-center h1-like\">The campsite in some pictures :<\/p>\n\n\n\t\t\t<div id=\"sevgallery-228819542\" class=\"sev-diaporama sev-diaporama-portfolio\">\r\n\t\t\t<div class=\"row\">\r\n\r\n\t\t\t\r\n\t\t\t\t\r\n\t\t\t\t<div class=\"sev-diaporama-portfolio-item col-12 col-sm  col-grow\">\r\n\t\t\t\t\t<a href=\"https:\/\/camping-sunocean.fr\/wp-content\/uploads\/2024\/10\/Sun-Ocean_12072023_026_0.jpg\" data-lightbox=\"sevgallery-228819542\" style=\"background-image: url(https:\/\/camping-sunocean.fr\/wp-content\/uploads\/2024\/10\/Sun-Ocean_12072023_026_0.jpg)\">\r\n\t\t\t\t\t\t<img decoding=\"async\" src=\"https:\/\/camping-sunocean.fr\/wp-content\/uploads\/2024\/10\/Sun-Ocean_12072023_026_0.jpg\" alt=\"accueil camping maeva sun ocean\" loading=\"lazy\">\r\n\t\t\t\t\t<\/a>\r\n\t\t\t\t<\/div>\r\n\r\n\t\t\t\t\r\n\t\t\t\t\t\t\t\t\t\t\t\r\n\t\t\t\t\r\n\t\t\t\t<div class=\"sev-diaporama-portfolio-item col-12 col-sm \">\r\n\t\t\t\t\t<a href=\"https:\/\/camping-sunocean.fr\/wp-content\/uploads\/2024\/10\/Sun-Ocean_12072023_024_0.jpg\" data-lightbox=\"sevgallery-228819542\" style=\"background-image: url(https:\/\/camping-sunocean.fr\/wp-content\/uploads\/2024\/10\/Sun-Ocean_12072023_024_0.jpg)\">\r\n\t\t\t\t\t\t<img decoding=\"async\" src=\"https:\/\/camping-sunocean.fr\/wp-content\/uploads\/2024\/10\/Sun-Ocean_12072023_024_0.jpg\" alt=\"\" loading=\"lazy\">\r\n\t\t\t\t\t<\/a>\r\n\t\t\t\t<\/div>\r\n\r\n\t\t\t\t\r\n\t\t\t\t\t\t\t\t\t\t\t\r\n\t\t\t\t\r\n\t\t\t\t<div class=\"sev-diaporama-portfolio-item col-12 col-sm  col-grow\">\r\n\t\t\t\t\t<a href=\"https:\/\/camping-sunocean.fr\/wp-content\/uploads\/2022\/11\/IMG_8158-1.jpg\" data-lightbox=\"sevgallery-228819542\" style=\"background-image: url(https:\/\/camping-sunocean.fr\/wp-content\/uploads\/2022\/11\/IMG_8158-1.jpg)\">\r\n\t\t\t\t\t\t<img decoding=\"async\" src=\"https:\/\/camping-sunocean.fr\/wp-content\/uploads\/2022\/11\/IMG_8158-1.jpg\" alt=\"\" loading=\"lazy\">\r\n\t\t\t\t\t<\/a>\r\n\t\t\t\t<\/div>\r\n\r\n\t\t\t\t\r\n\t\t\t\t\t\t\t\t\t\t\t\r\n\t\t\t\t\r\n\t\t\t\t<div class=\"sev-diaporama-portfolio-item col-12 col-sm \">\r\n\t\t\t\t\t<a href=\"https:\/\/camping-sunocean.fr\/wp-content\/uploads\/2022\/11\/IMG_7974-1.jpg\" data-lightbox=\"sevgallery-228819542\" style=\"background-image: url(https:\/\/camping-sunocean.fr\/wp-content\/uploads\/2022\/11\/IMG_7974-1.jpg)\">\r\n\t\t\t\t\t\t<img decoding=\"async\" src=\"https:\/\/camping-sunocean.fr\/wp-content\/uploads\/2022\/11\/IMG_7974-1.jpg\" alt=\"\" loading=\"lazy\">\r\n\t\t\t\t\t<\/a>\r\n\t\t\t\t<\/div>\r\n\r\n\t\t\t\t\t\t\t\t\t<div class=\"w-100\"><\/div>\r\n\t\t\t\t\t\t\t\t\t\r\n\t\t\t\t\t\t\t\t\t\t\t\r\n\t\t\t\t\r\n\t\t\t\t<div class=\"sev-diaporama-portfolio-item col-12 col-sm  col-shrink\">\r\n\t\t\t\t\t<a href=\"https:\/\/camping-sunocean.fr\/wp-content\/uploads\/2024\/10\/Sun-Ocean_12072023_091_0.jpg\" data-lightbox=\"sevgallery-228819542\" style=\"background-image: url(https:\/\/camping-sunocean.fr\/wp-content\/uploads\/2024\/10\/Sun-Ocean_12072023_091_0.jpg)\">\r\n\t\t\t\t\t\t<img decoding=\"async\" src=\"https:\/\/camping-sunocean.fr\/wp-content\/uploads\/2024\/10\/Sun-Ocean_12072023_091_0.jpg\" alt=\"\" loading=\"lazy\">\r\n\t\t\t\t\t<\/a>\r\n\t\t\t\t<\/div>\r\n\r\n\t\t\t\t\r\n\t\t\t\t\t\t\t\t\t\t\t\r\n\t\t\t\t\r\n\t\t\t\t<div class=\"sev-diaporama-portfolio-item col-12 col-sm  col-grow\">\r\n\t\t\t\t\t<a href=\"https:\/\/camping-sunocean.fr\/wp-content\/uploads\/2024\/10\/Sun-Ocean_12072023_095_0.jpg\" data-lightbox=\"sevgallery-228819542\" style=\"background-image: url(https:\/\/camping-sunocean.fr\/wp-content\/uploads\/2024\/10\/Sun-Ocean_12072023_095_0.jpg)\">\r\n\t\t\t\t\t\t<img decoding=\"async\" src=\"https:\/\/camping-sunocean.fr\/wp-content\/uploads\/2024\/10\/Sun-Ocean_12072023_095_0.jpg\" alt=\"\" loading=\"lazy\">\r\n\t\t\t\t\t<\/a>\r\n\t\t\t\t<\/div>\r\n\r\n\t\t\t\t\r\n\t\t\t\t\t\t\t\t\t\t\t\r\n\t\t\t\t\r\n\t\t\t\t<div class=\"sev-diaporama-portfolio-item col-12 col-sm \">\r\n\t\t\t\t\t<a href=\"https:\/\/camping-sunocean.fr\/wp-content\/uploads\/2023\/08\/Sun-Ocean_12072023_038_0.jpg\" data-lightbox=\"sevgallery-228819542\" style=\"background-image: url(https:\/\/camping-sunocean.fr\/wp-content\/uploads\/2023\/08\/Sun-Ocean_12072023_038_0.jpg)\">\r\n\t\t\t\t\t\t<img decoding=\"async\" src=\"https:\/\/camping-sunocean.fr\/wp-content\/uploads\/2023\/08\/Sun-Ocean_12072023_038_0.jpg\" alt=\"\" loading=\"lazy\">\r\n\t\t\t\t\t<\/a>\r\n\t\t\t\t<\/div>\r\n\r\n\t\t\t\t\r\n\t\t\t\t\t\t\t\t\t\t\t\r\n\t\t\t\t\r\n\t\t\t\t<div class=\"sev-diaporama-portfolio-item col-12 col-sm \">\r\n\t\t\t\t\t<a href=\"https:\/\/camping-sunocean.fr\/wp-content\/uploads\/2022\/11\/campings-en-vendee-1.jpg\" data-lightbox=\"sevgallery-228819542\" style=\"background-image: url(https:\/\/camping-sunocean.fr\/wp-content\/uploads\/2022\/11\/campings-en-vendee-1.jpg)\">\r\n\t\t\t\t\t\t<img decoding=\"async\" src=\"https:\/\/camping-sunocean.fr\/wp-content\/uploads\/2022\/11\/campings-en-vendee-1.jpg\" alt=\"\" loading=\"lazy\">\r\n\t\t\t\t\t<\/a>\r\n\t\t\t\t<\/div>\r\n\r\n\t\t\t\t\t\t\t\t\t<div class=\"w-100\"><\/div>\r\n\t\t\t\t\t\t\t\t\t\r\n\t\t\t\t\t\t\t\t\t\t\t\r\n\t\t\t\t\r\n\t\t\t\t<div class=\"sev-diaporama-portfolio-item col-12 col-sm  col-grow d-none\">\r\n\t\t\t\t\t<a href=\"https:\/\/camping-sunocean.fr\/wp-content\/uploads\/2024\/10\/Sun-Ocean_12072023_084_0.jpg\" data-lightbox=\"sevgallery-228819542\" style=\"background-image: url(https:\/\/camping-sunocean.fr\/wp-content\/uploads\/2024\/10\/Sun-Ocean_12072023_084_0.jpg)\">\r\n\t\t\t\t\t\t<img decoding=\"async\" src=\"https:\/\/camping-sunocean.fr\/wp-content\/uploads\/2024\/10\/Sun-Ocean_12072023_084_0.jpg\" alt=\"\" loading=\"lazy\">\r\n\t\t\t\t\t<\/a>\r\n\t\t\t\t<\/div>\r\n\r\n\t\t\t\t\r\n\t\t\t\t\t\t\t\t\t\t\t\r\n\t\t\t\t\r\n\t\t\t\t<div class=\"sev-diaporama-portfolio-item col-12 col-sm  col-grow d-none\">\r\n\t\t\t\t\t<a href=\"https:\/\/camping-sunocean.fr\/wp-content\/uploads\/2024\/10\/Sun-Ocean_12072023_080_0.jpg\" data-lightbox=\"sevgallery-228819542\" style=\"background-image: url(https:\/\/camping-sunocean.fr\/wp-content\/uploads\/2024\/10\/Sun-Ocean_12072023_080_0.jpg)\">\r\n\t\t\t\t\t\t<img decoding=\"async\" src=\"https:\/\/camping-sunocean.fr\/wp-content\/uploads\/2024\/10\/Sun-Ocean_12072023_080_0.jpg\" alt=\"\" loading=\"lazy\">\r\n\t\t\t\t\t<\/a>\r\n\t\t\t\t<\/div>\r\n\r\n\t\t\t\t\r\n\t\t\t\t\t\t\t\t\t\t\t\r\n\t\t\t\t\r\n\t\t\t\t<div class=\"sev-diaporama-portfolio-item col-12 col-sm  col-grow d-none\">\r\n\t\t\t\t\t<a href=\"https:\/\/camping-sunocean.fr\/wp-content\/uploads\/2023\/08\/Sun-Ocean_12072023_MH1_013_0.jpg\" data-lightbox=\"sevgallery-228819542\" style=\"background-image: url(https:\/\/camping-sunocean.fr\/wp-content\/uploads\/2023\/08\/Sun-Ocean_12072023_MH1_013_0.jpg)\">\r\n\t\t\t\t\t\t<img decoding=\"async\" src=\"https:\/\/camping-sunocean.fr\/wp-content\/uploads\/2023\/08\/Sun-Ocean_12072023_MH1_013_0.jpg\" alt=\"\" loading=\"lazy\">\r\n\t\t\t\t\t<\/a>\r\n\t\t\t\t<\/div>\r\n\r\n\t\t\t\t\r\n\t\t\t\t\t\t\t\t\t\t\t\r\n\t\t\t\t\r\n\t\t\t\t<div class=\"sev-diaporama-portfolio-item col-12 col-sm  col-grow d-none\">\r\n\t\t\t\t\t<a href=\"https:\/\/camping-sunocean.fr\/wp-content\/uploads\/2022\/11\/emplacements-camping.jpg\" data-lightbox=\"sevgallery-228819542\" style=\"background-image: url(https:\/\/camping-sunocean.fr\/wp-content\/uploads\/2022\/11\/emplacements-camping.jpg)\">\r\n\t\t\t\t\t\t<img decoding=\"async\" src=\"https:\/\/camping-sunocean.fr\/wp-content\/uploads\/2022\/11\/emplacements-camping.jpg\" alt=\"\" loading=\"lazy\">\r\n\t\t\t\t\t<\/a>\r\n\t\t\t\t<\/div>\r\n\r\n\t\t\t\t\t\t\t\t\t<div class=\"w-100 d-none\"><\/div>\r\n\t\t\t\t\t\t\t\t\t\r\n\t\t\t\t\t\t\t\t\t\t\t\r\n\t\t\t\t\r\n\t\t\t\t<div class=\"sev-diaporama-portfolio-item col-12 col-sm  col-grow d-none\">\r\n\t\t\t\t\t<a href=\"https:\/\/camping-sunocean.fr\/wp-content\/uploads\/2022\/11\/IMG_0410.jpg\" data-lightbox=\"sevgallery-228819542\" style=\"background-image: url(https:\/\/camping-sunocean.fr\/wp-content\/uploads\/2022\/11\/IMG_0410.jpg)\">\r\n\t\t\t\t\t\t<img decoding=\"async\" src=\"https:\/\/camping-sunocean.fr\/wp-content\/uploads\/2022\/11\/IMG_0410.jpg\" alt=\"\" loading=\"lazy\">\r\n\t\t\t\t\t<\/a>\r\n\t\t\t\t<\/div>\r\n\r\n\t\t\t\t\r\n\t\t\t\t\t\t\t\t\t\t\t\t\t\t<\/div>\r\n\t\t\t<\/div>\r\n\r\n\t\t\t<script>\r\n\t\t\tjQuery(function($) {\r\n\r\n\t\t\t\tvar marginPortfolio = function() {\r\n\r\n\t\t\t\t\tvar $diapo          = $('#sevgallery-228819542');\r\n\t\t\t\t\tvar container_width = $diapo.parent().outerWidth();\r\n\t\t\t\t\tvar side            = ( $(window).innerWidth() - container_width ) \/ 2;\r\n\r\n\t\t\t\t\t$diapo.css( {\r\n\t\t\t\t\t\t'margin-left': '-' + side + 'px',\r\n\t\t\t\t\t\t'margin-right': '-' + side + 'px',\r\n\t\t\t\t\t} );\r\n\t\t\t\t};\r\n\r\n\t\t\t\t$( window ).resize( function() {\r\n\t\t\t\t\tmarginPortfolio();\r\n\t\t\t\t} );\r\n\t\t\t\tmarginPortfolio();\r\n\t\t\t});\r\n\t\t\t<\/script>\r\n\t\t\t\n","protected":false},"excerpt":{"rendered":"<p>100% Nature Experience : Day 2 The must-see in the Vend\u00e9e during your stay at Camping Sun Oc\u00e9an in Talmont Saint-Hilaire is, without a doubt, the Payr\u00e9 estuary, i.e. the natural site from the Veillon beach to La Guitti\u00e8re. Swimming on the beach of Veillon, water sports or even hiking, everything is gathered to enjoy [&hellip;]<\/p>\n","protected":false},"author":1,"featured_media":0,"parent":1783,"menu_order":2,"comment_status":"closed","ping_status":"closed","template":"","meta":{"_seopress_robots_primary_cat":"","_seopress_titles_title":"Experience in the heart of nature: day 2 at Le Veillon","_seopress_titles_desc":"Enjoy the beautiful landscapes of the Veillon and the Payr\u00e9 estuary in the Vend\u00e9e during your vacations at the Sun Oc\u00e9an campsite in Talmont Saint Hilaire","_seopress_robots_index":"","footnotes":""},"class_list":["post-1808","page","type-page","status-publish","hentry"],"_links":{"self":[{"href":"https:\/\/camping-sunocean.fr\/en\/wp-json\/wp\/v2\/pages\/1808","targetHints":{"allow":["GET"]}}],"collection":[{"href":"https:\/\/camping-sunocean.fr\/en\/wp-json\/wp\/v2\/pages"}],"about":[{"href":"https:\/\/camping-sunocean.fr\/en\/wp-json\/wp\/v2\/types\/page"}],"author":[{"embeddable":true,"href":"https:\/\/camping-sunocean.fr\/en\/wp-json\/wp\/v2\/users\/1"}],"replies":[{"embeddable":true,"href":"https:\/\/camping-sunocean.fr\/en\/wp-json\/wp\/v2\/comments?post=1808"}],"version-history":[{"count":0,"href":"https:\/\/camping-sunocean.fr\/en\/wp-json\/wp\/v2\/pages\/1808\/revisions"}],"up":[{"embeddable":true,"href":"https:\/\/camping-sunocean.fr\/en\/wp-json\/wp\/v2\/pages\/1783"}],"wp:attachment":[{"href":"https:\/\/camping-sunocean.fr\/en\/wp-json\/wp\/v2\/media?parent=1808"}],"curies":[{"name":"wp","href":"https:\/\/api.w.org\/{rel}","templated":true}]}}