{"id":1813,"date":"2022-10-27T14:23:04","date_gmt":"2022-10-27T12:23:04","guid":{"rendered":"https:\/\/camping-sunocean.fr\/contact\/"},"modified":"2022-10-27T14:23:04","modified_gmt":"2022-10-27T12:23:04","slug":"contact","status":"publish","type":"page","link":"https:\/\/camping-sunocean.fr\/en\/contact\/","title":{"rendered":"Contact"},"content":{"rendered":"\n<h1 class=\"wp-block-heading\">Contact the campsite<\/h1>\n\n\n\n<div class=\"wp-block-columns are-vertically-aligned-center is-layout-flex wp-container-core-columns-is-layout-28f84493 wp-block-columns-is-layout-flex\">\n<div class=\"wp-block-column is-vertically-aligned-center is-layout-flow wp-block-column-is-layout-flow\" style=\"flex-basis:33.33%\">\n<div class=\"wp-block-group p-4 card border-5 is-vertical is-content-justification-center is-layout-flex wp-container-core-group-is-layout-ce155fab wp-block-group-is-layout-flex\">\n<h2 class=\"has-text-align-center wp-block-heading\">Camping Sun Oc\u00e9an ***<\/h2>\n\n\n\n<figure class=\"wp-block-image size-full\"><img loading=\"lazy\" decoding=\"async\" width=\"600\" height=\"424\" src=\"https:\/\/camping-sunocean.fr\/wp-content\/uploads\/2023\/03\/valide-cmjn-png.png\" alt=\"logo of the camping sun ocean\" class=\"wp-image-1376\" srcset=\"https:\/\/camping-sunocean.fr\/wp-content\/uploads\/2023\/03\/valide-cmjn-png.png 600w, https:\/\/camping-sunocean.fr\/wp-content\/uploads\/2023\/03\/valide-cmjn-png-300x212.png 300w\" sizes=\"auto, (max-width: 600px) 100vw, 600px\" \/><\/figure>\n\n\n\n<p class=\"has-text-align-center\">538 avenue des Sables<br>85440 Talmont Saint Hilaire<br><\/p>\n\n\n\n<p class=\"has-text-align-center\">Tel. : 02 51 90 61 24<br>E-mail : <a href=\"mailto:contact@camping-sunocean.fr\">contact@camping-sunocean.fr<\/a><\/p>\n<\/div>\n<\/div>\n\n\n\n<div class=\"wp-block-column is-vertically-aligned-center is-layout-flow wp-block-column-is-layout-flow\" style=\"flex-basis:66.66%\">\n<iframe src=\"https:\/\/www.google.com\/maps\/embed?pb=!1m14!1m8!1m3!1d36978.62309954315!2d-1.6612866474187429!3d46.45954223799913!3m2!1i1024!2i768!4f13.1!3m3!1m2!1s0x0%3A0x85ca1d08156d5892!2sCamping%20Sun%20Oc%C3%A9an!5e0!3m2!1sfr!2sfr!4v1668524054302!5m2!1sfr!2sfr\" width=\"100%\" height=\"450\" style=\"border:0;\" allowfullscreen=\"\" loading=\"lazy\" referrerpolicy=\"no-referrer-when-downgrade\"><\/iframe>\n<\/div>\n<\/div>\n\n\n\n<p>For any question, you can contact us via the form below:  <\/p>\n\n\n\t\t\t\t<form action=\"\" class=\"form-contact sevform needs-validation\" data-form-type=\"contact\" role=\"form\" method=\"post\" novalidate>\r\n\r\n\t\t\t<div class=\"form-row\">\r\n\t\t\t\t\t\t<div class=\"form-group col-md-6 \">\r\n\r\n\t\t\t<label class=\"col-form-label\" for=\"nom_nom\">\r\n\t\t\t\tLast name * \r\n\t\t\t<\/label>\r\n\r\n\t\t\t<input type=\"text\" id=\"nom_nom\" name=\"nom\" class=\"form-control\" value=\"\"  required>\r\n\r\n\t\t\t<div class=\"invalid-feedback\">Please fill in your name<\/div>\r\n\t\t<\/div>\r\n\t\t\t\t<div class=\"form-group col-md-6 \">\r\n\r\n\t\t\t<label class=\"col-form-label\" for=\"prenom_prenom\">\r\n\t\t\t\tFirst name \r\n\t\t\t<\/label>\r\n\r\n\t\t\t<input type=\"text\" id=\"prenom_prenom\" name=\"prenom\" class=\"form-control\" value=\"\" >\r\n\r\n\t\t\t<div class=\"invalid-feedback\">Please enter your first name<\/div>\r\n\t\t<\/div>\r\n\t\t\t\t\t<\/div>\r\n\t\t\t<div class=\"form-row\">\r\n\t\t\t\t\t\t<div class=\"form-group col-md-6 \">\r\n\r\n\t\t\t<label class=\"col-form-label\" for=\"email_email\">\r\n\t\t\t\tE-mail * \r\n\t\t\t<\/label>\r\n\r\n\t\t\t<input type=\"email\" id=\"email_email\" name=\"email\" class=\"form-control\" value=\"\"  required>\r\n\r\n\t\t\t<div class=\"invalid-feedback\">Please enter a valid email address<\/div>\r\n\t\t<\/div>\r\n\t\t\t\t<div class=\"form-group col-md-6 \">\r\n\r\n\t\t\t<label class=\"col-form-label\" for=\"tel_tel\">\r\n\t\t\t\tPhone \r\n\t\t\t<\/label>\r\n\r\n\t\t\t<input type=\"tel\" id=\"tel_tel\" name=\"tel\" class=\"form-control\" value=\"\" >\r\n\r\n\t\t\t<div class=\"invalid-feedback\">Please enter a valid phone number<\/div>\r\n\t\t<\/div>\r\n\t\t\t\t\t<\/div>\r\n\r\n\t\t\t\t\t<div class=\"form-group \">\r\n\r\n\t\t\t<label class=\"col-form-label\" for=\"adresse_adresse\">\r\n\t\t\t\tAddress \r\n\t\t\t<\/label>\r\n\r\n\t\t\t<input type=\"text\" id=\"adresse_adresse\" name=\"adresse\" class=\"form-control\" value=\"\" >\r\n\r\n\t\t\t<div class=\"invalid-feedback\">Please enter your address<\/div>\r\n\t\t<\/div>\r\n\t\t\r\n\t\t\t<div class=\"form-row\">\r\n\t\t\t\t\t<div class=\"form-group col-md-6 \">\r\n\r\n\t\t\t<label class=\"col-form-label\" for=\"cp_cp\">\r\n\t\t\t\tPostal code \r\n\t\t\t<\/label>\r\n\r\n\t\t\t<input type=\"text\" id=\"cp_cp\" name=\"cp\" class=\"form-control\" value=\"\" >\r\n\r\n\t\t\t<div class=\"invalid-feedback\">Please enter your postal code<\/div>\r\n\t\t<\/div>\r\n\t\t\t\t<div class=\"form-group col-md-6 \">\r\n\r\n\t\t\t<label class=\"col-form-label\" for=\"ville_ville\">\r\n\t\t\t\tCity \r\n\t\t\t<\/label>\r\n\r\n\t\t\t<input type=\"text\" id=\"ville_ville\" name=\"ville\" class=\"form-control\" value=\"\" >\r\n\r\n\t\t\t<div class=\"invalid-feedback\">Please enter your municipality<\/div>\r\n\t\t<\/div>\r\n\t\t\t\t\t<\/div>\r\n\r\n\t\t\t\t\t<div class=\"form-group \">\r\n\r\n\t\t\t<label class=\"col-form-label\" for=\"msg_msg\">\r\n\t\t\t\tMessage * \r\n\t\t\t<\/label>\r\n\r\n\t\t\t<textarea name=\"msg\" id=\"msg_msg\" class=\"form-control\" rows=\"3\"  required><\/textarea>\r\n\r\n\t\t\t<div class=\"invalid-feedback\">Please specify your request<\/div>\r\n\t\t<\/div>\r\n\t\t\r\n\t\t\t\t\t<div class=\"form-group \">\r\n\r\n\t\t\t\t\t\t<div class=\"form-check\">\r\n\r\n\t\t\t\t\t\t\t\t<input class=\"form-check-input\" type=\"checkbox\" value=\"1\" name=\"rgpd\" id=\"rgpd_rgpd\"  required >\r\n\r\n\t\t\t\t<label class=\"form-check-label\" for=\"rgpd_rgpd\">\r\n\t\t\t\t\tI agree that the information entered may be used for the purposes of the information request and the commercial relationship that may result from it  *\t\t\t\t<\/label>\r\n\r\n\t\t\t\t<div class=\"invalid-feedback\">Your consent is required<\/div>\r\n\t\t\t<\/div>\r\n\t\t\t\t\t<\/div>\r\n\t\t\r\n\t\t\t\t\t<div class=\"form-group form-group-hcaptcha \">\r\n\r\n\t\t\t<div class=\"h-captcha \" data-sitekey=\"ace8e931-18c3-4c8d-98fd-c0d5bd275a24\"><\/div>\r\n\t\t\t<div class=\"invalid-feedback\">La v\u00e9rification du captcha a \u00e9chou\u00e9e. Veuillez essayer de nouveau<\/div>\r\n\t\t<\/div>\r\n\t\t\r\n\t\t\t<div class=\"form-group contact-texte-container\">\r\n\t\t\t\t<input type=\"text\" class=\"contact-texte\" name=\"texte\" value=\"\">\r\n\t\t\t<\/div>\r\n\r\n\t\t\t<div class=\"form-group text-center\">\r\n\t\t\t\t<input type=\"hidden\" name=\"nonce\" value=\"7ef7a7cc67\">\r\n\t\t\t\t\t\t\t\t<button type=\"submit\" name=\"submit\" class=\"btn btn-primary\">Send<\/button>\r\n\t\t\t\t<small class=\"ml-3\">*Required field<\/small>\r\n\t\t\t<\/div>\r\n\t\t\t\r\n\t\t\t\r\n\t\t\t\t\t<script>\r\n\t\t\/*jshint esversion: 6 *\/\r\n\t\t( function() {\r\n\t\t\t'use strict';\r\n\t\t\twindow.addEventListener( 'load', function() {\r\n\r\n\t\t\t\tvar SEVForms       = document.getElementsByClassName( 'sevform' );\r\n\t\t\t\tvar submitSevForms = Array.prototype.filter.call( SEVForms, function( form ) {\r\n\r\n\t\t\t\t\tform.addEventListener( 'submit', function( event ) {\r\n\r\n\t\t\t\t\t\t\/\/ Fields validation.\r\n\t\t\t\t\t\tif ( form.classList.contains( 'needs-validation' ) ) {\r\n\r\n\t\t\t\t\t\t\tform.classList.add('was-validated');\r\n\r\n\t\t\t\t\t\t\tif ( form.checkValidity() === false ) {\r\n\r\n\t\t\t\t\t\t\t\tevent.preventDefault();\r\n\t\t\t\t\t\t\t\tevent.stopPropagation();\r\n\r\n\t\t\t\t\t\t\t\treturn false;\r\n\t\t\t\t\t\t\t}\r\n\t\t\t\t\t\t}\r\n\r\n\t\t\t\t\t\t\/\/ AJAX send.\r\n\t\t\t\t\t\tif ( form.classList.contains( 'send-with-ajax' ) ) {\r\n\r\n\t\t\t\t\t\t\tevent.preventDefault();\r\n\t\t\t\t\t\t\tevent.stopPropagation();\r\n\r\n\t\t\t\t\t\t\tvar httpRequest, data, formData, formType;\r\n\r\n\t\t\t\t\t\t\thttpRequest = new XMLHttpRequest();\r\n\t\t\t\t\t\t\tformData    = new FormData( form );\r\n\t\t\t\t\t\t\tformType    = form.getAttribute( 'data-form-type' );\r\n\t\t\t\t\t\t\tdata        = 'action=sevform_submit';\r\n\t\t\t\t\t\t\tdata       += '&type=' + formType;\r\n\r\n\t\t\t\t\t\t\tfor( var pair of formData.entries() ) {\r\n\t\t\t\t\t\t\t\tdata += '&' + pair[0] + '=' + pair[1];\r\n\t\t\t\t\t\t\t}\r\n\r\n\t\t\t\t\t\t\thttpRequest.onreadystatechange = function() {\r\n\r\n\t\t\t\t\t\t\t\tif ( httpRequest.readyState === XMLHttpRequest.DONE ) {\r\n\r\n\t\t\t\t\t\t\t\t\tif ( httpRequest.status === 200 ) {\r\n\r\n\t\t\t\t\t\t\t\t\t\tvar response = JSON.parse( httpRequest.responseText );\r\n\r\n\t\t\t\t\t\t\t\t\t\tif ( 'true' == xhr.responseText ) {\r\n\t\t\t\t\t\t\t\t\t\t\treturn true;\r\n\t\t\t\t\t\t\t\t\t\t}\r\n\t\t\t\t\t\t\t\t\t} else {\r\n\t\t\t\t\t\t\t\t\t\tconsole.log( 'There was a problem with the request.' );\r\n\t\t\t\t\t\t\t\t\t}\r\n\t\t\t\t\t\t\t\t}\r\n\t\t\t\t\t\t\t};\r\n\t\t\t\t\t\t\thttpRequest.open( 'POST', AjaxVar.ajaxurl );\r\n\t\t\t\t\t\t\thttpRequest.setRequestHeader( 'Content-Type', 'application\/x-www-form-urlencoded; charset=UTF-8' );\r\n\t\t\t\t\t\t\thttpRequest.send( data );\r\n\t\t\t\t\t\t}\r\n\t\t\t\t\t}, false );\r\n\t\t\t\t} );\r\n\t\t\t}, false );\r\n\t\t} )();\r\n\t\t<\/script>\r\n\t\t\t\t<\/form>\r\n\t\t\n\n\n\n<h2 class=\"wp-block-heading\">Transportation:<\/h2>\n\n\n\n<h3 class=\"wp-block-heading\">By car:<\/h3>\n\n\n\n<p>From the A83 or A87 (access from the North or North West or North East) take the direction of Sables d&#8217;Olonne on the D160, then at the entrance of Sables d&#8217;Olonne take the D949 direction Talmont Saint Hilaire. Follow Talmont center and the campsite is at the entrance of the city on your left.<\/p>\n\n\n\n<h3 class=\"wp-block-heading\">By public transport :<\/h3>\n\n\n\n<p>Take the train to Les Sables d&#8217;Olonne station, then take the &#8220;ALEOP&#8221; bus line 550 from the bus station to Lucon.<\/p>\n\n\n\n<p>Get off at the &#8220;SUN OCEAN&#8221; stop just in front of the camping \ud83d\ude42  <\/p>\n\n\n\n<div data-wp-interactive=\"core\/file\" class=\"wp-block-file\"><object data-wp-bind--hidden=\"!state.hasPdfPreview\" hidden class=\"wp-block-file__embed\" data=\"https:\/\/camping-sunocean.fr\/wp-content\/uploads\/2023\/01\/Horaires-ligne-550.pdf\" type=\"application\/pdf\" style=\"width:100%;height:600px\" aria-label=\"Embed of Horaires-ligne-550.\"><\/object><a id=\"wp-block-file--media-e83d124c-48a0-4755-a616-7d15d266d6b9\" href=\"https:\/\/camping-sunocean.fr\/wp-content\/uploads\/2023\/01\/Horaires-ligne-550.pdf\">Timetable-line-550<\/a><a href=\"https:\/\/camping-sunocean.fr\/wp-content\/uploads\/2023\/01\/Horaires-ligne-550.pdf\" class=\"wp-block-file__button wp-element-button\" download=\"\" aria-describedby=\"wp-block-file--media-e83d124c-48a0-4755-a616-7d15d266d6b9\">Download<\/a><\/div>\n","protected":false},"excerpt":{"rendered":"<p>Contact the campsite Camping Sun Oc\u00e9an *** 538 avenue des Sables85440 Talmont Saint Hilaire Tel. : 02 51 90 61 24E-mail : contact@camping-sunocean.fr For any question, you can contact us via the form below: Transportation: By car: From the A83 or A87 (access from the North or North West or North East) take the direction [&hellip;]<\/p>\n","protected":false},"author":1,"featured_media":0,"parent":0,"menu_order":0,"comment_status":"closed","ping_status":"closed","template":"","meta":{"_seopress_robots_primary_cat":"","_seopress_titles_title":"Contact Sun Ocean camping","_seopress_titles_desc":"To book your stay or for any information request, please contact directly the Sun Oc\u00e9an campsite.","_seopress_robots_index":"","footnotes":""},"class_list":["post-1813","page","type-page","status-publish","hentry"],"_links":{"self":[{"href":"https:\/\/camping-sunocean.fr\/en\/wp-json\/wp\/v2\/pages\/1813","targetHints":{"allow":["GET"]}}],"collection":[{"href":"https:\/\/camping-sunocean.fr\/en\/wp-json\/wp\/v2\/pages"}],"about":[{"href":"https:\/\/camping-sunocean.fr\/en\/wp-json\/wp\/v2\/types\/page"}],"author":[{"embeddable":true,"href":"https:\/\/camping-sunocean.fr\/en\/wp-json\/wp\/v2\/users\/1"}],"replies":[{"embeddable":true,"href":"https:\/\/camping-sunocean.fr\/en\/wp-json\/wp\/v2\/comments?post=1813"}],"version-history":[{"count":0,"href":"https:\/\/camping-sunocean.fr\/en\/wp-json\/wp\/v2\/pages\/1813\/revisions"}],"wp:attachment":[{"href":"https:\/\/camping-sunocean.fr\/en\/wp-json\/wp\/v2\/media?parent=1813"}],"curies":[{"name":"wp","href":"https:\/\/api.w.org\/{rel}","templated":true}]}}